{"id":7666,"date":"2026-03-28T12:56:55","date_gmt":"2026-03-28T11:56:55","guid":{"rendered":"https:\/\/bonitashop.es\/?post_type=product&#038;p=7666"},"modified":"2026-04-07T17:32:46","modified_gmt":"2026-04-07T16:32:46","slug":"mini-talla-arabe-khamrah-qahwa-35ml","status":"publish","type":"product","link":"https:\/\/bonitashop.es\/en\/product\/mini-talla-arabe-khamrah-qahwa-35ml\/","title":{"rendered":"Mini talla \u00c1rabe Khamrah Qahwa 35ml"},"content":{"rendered":"<div class=\"otQkpb\" role=\"heading\" data-animation-nesting=\"\" data-sfc-cp=\"\" data-sfc-root=\"c\" data-sfc-cb=\"\" data-complete=\"true\" data-processed=\"true\" data-sae=\"\">Composici\u00f3n del aroma<\/div>\n<div class=\"Y3BBE\" data-sfc-cp=\"\" data-sfc-root=\"c\" data-sfc-cb=\"\" data-hveid=\"CAUQAA\" data-complete=\"true\" data-processed=\"true\">El perfume evoluciona en tres etapas principales:<\/div>\n<ul class=\"KsbFXc U6u95\" data-sfc-root=\"c\" data-sfc-cb=\"\" data-complete=\"true\" data-processed=\"true\">\n<li class=\"dF3vjf\" data-sfc-root=\"c\" data-sfc-cb=\"\" data-hveid=\"CAYQAA\" data-complete=\"true\" data-sae=\"\"><span class=\"T286Pc\" data-sfc-cp=\"\" data-sfc-root=\"c\" data-sfc-cb=\"\" data-complete=\"true\"><strong class=\"Yjhzub\" data-sfc-root=\"c\" data-sfc-cb=\"\" data-complete=\"true\">Salida (lo primero que hueles):<\/strong>\u00a0Predominan las especias c\u00e1lidas como la\u00a0<strong class=\"Yjhzub\" data-sfc-root=\"c\" data-sfc-cb=\"\" data-complete=\"true\">canela<\/strong>, el cardamomo y el jengibre.<\/span><\/li>\n<li class=\"dF3vjf\" data-sfc-root=\"c\" data-sfc-cb=\"\" data-hveid=\"CAYQAQ\" data-complete=\"true\" data-sae=\"\"><span class=\"T286Pc\" data-sfc-cp=\"\" data-sfc-root=\"c\" data-sfc-cb=\"\" data-complete=\"true\"><strong class=\"Yjhzub\" data-sfc-root=\"c\" data-sfc-cb=\"\" data-complete=\"true\">Coraz\u00f3n (el cuerpo del perfume):<\/strong>\u00a0Se perciben notas dulces de\u00a0<strong class=\"Yjhzub\" data-sfc-root=\"c\" data-sfc-cb=\"\" data-complete=\"true\">pralin\u00e9<\/strong>, frutas confitadas y un toque ligero de flores blancas.<\/span><\/li>\n<li class=\"dF3vjf\" data-sfc-root=\"c\" data-sfc-cb=\"\" data-hveid=\"CAYQAg\" data-complete=\"true\" data-sae=\"\"><span class=\"T286Pc\" data-sfc-cp=\"\" data-sfc-root=\"c\" data-sfc-cb=\"\" data-complete=\"true\"><strong class=\"Yjhzub\" data-sfc-root=\"c\" data-sfc-cb=\"\" data-complete=\"true\">Fondo (lo que perdura):<\/strong>\u00a0La nota distintiva de\u00a0<strong class=\"Yjhzub\" data-sfc-root=\"c\" data-sfc-cb=\"\" data-complete=\"true\">caf\u00e9<\/strong>\u00a0se mezcla con vainilla, haba tonka, benju\u00ed y almizcle, creando una estela envolvente y duradera.<\/span><span class=\"uJ19be notranslate\" data-sfc-root=\"c\" data-wiz-uids=\"bsgNJf_1m,bsgNJf_1n\" data-sfc-cb=\"\" data-complete=\"true\"><span class=\"vKEkVd\" data-animation-atomic=\"\" data-wiz-attrbind=\"class=bsgNJf_1l\/TKHnVd\" data-sae=\"\"><span aria-hidden=\"true\">\u00a0<\/span><\/span><\/span><\/li>\n<\/ul>\n<div class=\"Fsg96\" data-sfc-cp=\"\" data-sfc-root=\"c\" data-sfc-cb=\"\" data-complete=\"true\" data-processed=\"true\"><\/div>\n<div class=\"otQkpb\" role=\"heading\" data-animation-nesting=\"\" data-sfc-cp=\"\" data-sfc-root=\"c\" data-sfc-cb=\"\" data-complete=\"true\" data-processed=\"true\" data-sae=\"\">Diferencia clave<\/div>\n<div class=\"Y3BBE\" data-sfc-cp=\"\" data-sfc-root=\"c\" data-sfc-cb=\"\" data-hveid=\"CAgQAA\" data-complete=\"true\" data-processed=\"true\">A diferencia del\u00a0<em class=\"eujQNb\" data-sfc-root=\"c\" data-sfc-cb=\"\" data-complete=\"true\" data-processed=\"true\">Khamrah<\/em>\u00a0original, la versi\u00f3n\u00a0<strong class=\"Yjhzub\" data-sfc-root=\"c\" data-sfc-cb=\"\" data-complete=\"true\" data-processed=\"true\">Qahwa<\/strong>\u00a0a\u00f1ade la nota de caf\u00e9, lo que lo hace sentir un poco\u00a0<strong class=\"Yjhzub\" data-sfc-root=\"c\" data-sfc-cb=\"\" data-complete=\"true\" data-processed=\"true\">menos hostigante o empalagoso<\/strong>\u00a0y le aporta una madurez m\u00e1s oscura y tostada.<span class=\"uJ19be notranslate\" data-sfc-root=\"c\" data-wiz-uids=\"bsgNJf_22,bsgNJf_23\" data-sfc-cb=\"\" data-complete=\"true\" data-processed=\"true\"><span class=\"vKEkVd\" data-animation-atomic=\"\" data-wiz-attrbind=\"class=bsgNJf_21\/TKHnVd\" data-sae=\"\"><span aria-hidden=\"true\">\u00a0<\/span><\/span><\/span><\/div>\n<div class=\"Y3BBE\" data-sfc-cp=\"\" data-sfc-root=\"c\" data-sfc-cb=\"\" data-hveid=\"CAkQAA\" data-complete=\"true\" data-processed=\"true\">Es un aroma ideal para climas fr\u00edos o eventos nocturnos debido a su\u00a0<strong class=\"Yjhzub\" data-sfc-root=\"c\" data-sfc-cb=\"\" data-complete=\"true\" data-processed=\"true\">alta intensidad y proyecci\u00f3n<\/strong>, llegando a durar entre 8 y 12 horas en la piel.<span class=\"uJ19be notranslate\" data-sfc-root=\"c\" data-wiz-uids=\"bsgNJf_2a,bsgNJf_2b\" data-sfc-cb=\"\" data-complete=\"true\" data-processed=\"true\"><span class=\"vKEkVd\" data-animation-atomic=\"\" data-wiz-attrbind=\"class=bsgNJf_29\/TKHnVd\" data-sae=\"\"><span aria-hidden=\"true\">\u00a0<\/span><\/span><\/span><\/div>","protected":false},"excerpt":{"rendered":"<p>La mini talla de\u00a0<strong class=\"Yjhzub\" data-sfc-root=\"c\" data-sfc-cb=\"\" data-processed=\"true\"><span data-sfc-root=\"c\" data-wiz-uids=\"iKyV7_h\" data-sfc-cb=\"\" data-processed=\"true\"><a class=\"GI370e\" href=\"https:\/\/www.google.com\/search?rlz=1C1JZAP_esES1033ES1033&amp;sca_esv=38623c8ca84aacad&amp;sxsrf=ANbL-n4tKA3bv8GHCEpYSVgfsGDeNjeM8w%3A1775579391332&amp;q=Khamrah+Qahwa+de+Lattafa&amp;spell=1&amp;sa=X&amp;ved=2ahUKEwjAsvXYlNyTAxXJdqQEHfnTAP4QgK4QegQIARAB&amp;biw=1536&amp;bih=695&amp;dpr=1.25&amp;mstk=AUtExfCcCIA5j908n3EKC3Pq7_iJ4RrkM-asxPNibA2J-yl-ueu84r0rDydvXnPPXNeQGjXlhk5vAXeDiSwVIqjwGXkPmO_imxEJv1_kPwZ3-Do7lLqCSKeSUzNuM4SSCzKVrG3tVyc9qW2Euojl39OHx7vx7wlbNL9Svo_Jk_LrqoYpZMlZPOOdlfYzjczNA5PVX8-gGfHlJmM7YD-cbIogVyMUaKV40OWNKLcU219KaztCnwO0uHck4fUjV5NcEVHqee_S85qBwq36gs22rfB2Bv19xnKgSMbqa9fBUtca2daUbg_Ld7Op3JGSGXI0oho0TG76p8jqASVZRlzyRpxcJrb-pHKcsj_rlbKmZposXB3XsmkHlisrfUSSZZVa3vDIASvljd_Hz0JTj95Ab_lZug&amp;csui=3\" data-ved=\"2ahUKEwjAsvXYlNyTAxXJdqQEHfnTAP4QgK4QegQIARAB\" data-hveid=\"CAEQAQ\" data-processed=\"true\">Khamrah Qahwa de Lattafa<\/a><\/span><\/strong> huele a una combinaci\u00f3n intensa y adictiva de caf\u00e9 reci\u00e9n molido,canela,jengibre y un fondo cremoso de pralin\u00e9,vainilla y frutos secos.Es un aroma <em class=\"eujQNb\" data-sfc-root=\"c\" data-sfc-cb=\"\" data-processed=\"true\">gourmand<\/em>\u00a0\u00e1rabe, especiado y dulce, muy similar al original pero con una nota de caf\u00e9 que lo hace m\u00e1s profundo.<\/p>","protected":false},"featured_media":7738,"comment_status":"open","ping_status":"closed","template":"","meta":{"_joinchat":[]},"product_brand":[],"product_cat":[211],"product_tag":[],"class_list":{"0":"post-7666","1":"product","2":"type-product","3":"status-publish","4":"has-post-thumbnail","6":"product_cat-mini-tallas-35ml-arabes","8":"first","9":"instock","10":"taxable","11":"shipping-taxable","12":"purchasable","13":"product-type-simple"},"_links":{"self":[{"href":"https:\/\/bonitashop.es\/en\/wp-json\/wp\/v2\/product\/7666","targetHints":{"allow":["GET"]}}],"collection":[{"href":"https:\/\/bonitashop.es\/en\/wp-json\/wp\/v2\/product"}],"about":[{"href":"https:\/\/bonitashop.es\/en\/wp-json\/wp\/v2\/types\/product"}],"replies":[{"embeddable":true,"href":"https:\/\/bonitashop.es\/en\/wp-json\/wp\/v2\/comments?post=7666"}],"version-history":[{"count":3,"href":"https:\/\/bonitashop.es\/en\/wp-json\/wp\/v2\/product\/7666\/revisions"}],"predecessor-version":[{"id":7844,"href":"https:\/\/bonitashop.es\/en\/wp-json\/wp\/v2\/product\/7666\/revisions\/7844"}],"wp:featuredmedia":[{"embeddable":true,"href":"https:\/\/bonitashop.es\/en\/wp-json\/wp\/v2\/media\/7738"}],"wp:attachment":[{"href":"https:\/\/bonitashop.es\/en\/wp-json\/wp\/v2\/media?parent=7666"}],"wp:term":[{"taxonomy":"product_brand","embeddable":true,"href":"https:\/\/bonitashop.es\/en\/wp-json\/wp\/v2\/product_brand?post=7666"},{"taxonomy":"product_cat","embeddable":true,"href":"https:\/\/bonitashop.es\/en\/wp-json\/wp\/v2\/product_cat?post=7666"},{"taxonomy":"product_tag","embeddable":true,"href":"https:\/\/bonitashop.es\/en\/wp-json\/wp\/v2\/product_tag?post=7666"}],"curies":[{"name":"wp","href":"https:\/\/api.w.org\/{rel}","templated":true}]}}