{"id":7672,"date":"2026-03-28T12:59:07","date_gmt":"2026-03-28T11:59:07","guid":{"rendered":"https:\/\/bonitashop.es\/?post_type=product&#038;p=7672"},"modified":"2026-04-07T17:22:46","modified_gmt":"2026-04-07T16:22:46","slug":"mini-talla-arabe-9-am-azul-35ml","status":"publish","type":"product","link":"https:\/\/bonitashop.es\/en\/product\/mini-talla-arabe-9-am-azul-35ml\/","title":{"rendered":"Mini talla \u00c1rabe 9 AM Azul 35ml"},"content":{"rendered":"<div class=\"Y3BBE\" data-sfc-cp=\"\" data-sfc-root=\"c\" data-sfc-cb=\"\" data-hveid=\"CAIQAA\" data-processed=\"true\">Aqu\u00ed te detallamos sus caracter\u00edsticas principales:<\/div>\n<ul class=\"KsbFXc U6u95\" data-sfc-root=\"c\" data-sfc-cb=\"\" data-processed=\"true\">\n<li class=\"dF3vjf\" data-sfc-root=\"c\" data-sfc-cb=\"\" data-hveid=\"CAMQAA\" data-processed=\"true\"><span class=\"T286Pc\" data-sfc-cp=\"\" data-sfc-root=\"c\" data-sfc-cb=\"\" data-processed=\"true\"><strong class=\"Yjhzub\" data-sfc-root=\"c\" data-sfc-cb=\"\" data-processed=\"true\">Aroma Principal:<\/strong>\u00a0Es un perfume \u00abazul\u00bb que destaca por la\u00a0<strong class=\"Yjhzub\" data-sfc-root=\"c\" data-sfc-cb=\"\" data-processed=\"true\">menta, el lim\u00f3n (lima \u00e1cida) y notas frutales como la manzana verde y la grosella negra<\/strong>.<\/span><\/li>\n<li class=\"dF3vjf\" data-sfc-root=\"c\" data-sfc-cb=\"\" data-hveid=\"CAMQAQ\" data-processed=\"true\"><span class=\"T286Pc\" data-sfc-cp=\"\" data-sfc-root=\"c\" data-sfc-cb=\"\" data-processed=\"true\"><strong class=\"Yjhzub\" data-sfc-root=\"c\" data-sfc-cb=\"\" data-processed=\"true\">Notas de Salida:<\/strong>\u00a0Menta, lim\u00f3n, grosella negra y pimienta rosa.<\/span><\/li>\n<li class=\"dF3vjf\" data-sfc-root=\"c\" data-sfc-cb=\"\" data-hveid=\"CAMQAg\" data-processed=\"true\"><span class=\"T286Pc\" data-sfc-cp=\"\" data-sfc-root=\"c\" data-sfc-cb=\"\" data-processed=\"true\"><strong class=\"Yjhzub\" data-sfc-root=\"c\" data-sfc-cb=\"\" data-processed=\"true\">Notas de Coraz\u00f3n:<\/strong>\u00a0Manzana, incienso y cedro.<\/span><\/li>\n<li class=\"dF3vjf\" data-sfc-root=\"c\" data-sfc-cb=\"\" data-hveid=\"CAMQAw\" data-processed=\"true\"><span class=\"T286Pc\" data-sfc-cp=\"\" data-sfc-root=\"c\" data-sfc-cb=\"\" data-processed=\"true\"><strong class=\"Yjhzub\" data-sfc-root=\"c\" data-sfc-cb=\"\" data-processed=\"true\">Notas de Fondo:<\/strong>\u00a0Pachul\u00ed, s\u00e1ndalo, jengibre y jazm\u00edn.<\/span><\/li>\n<li class=\"dF3vjf\" data-sfc-root=\"c\" data-sfc-cb=\"\" data-hveid=\"CAMQBA\" data-processed=\"true\"><span class=\"T286Pc\" data-sfc-cp=\"\" data-sfc-root=\"c\" data-sfc-cb=\"\" data-processed=\"true\"><strong class=\"Yjhzub\" data-sfc-root=\"c\" data-sfc-cb=\"\" data-processed=\"true\">Sensaci\u00f3n:<\/strong>\u00a0Se percibe como un aroma refrescante, vibrante y c\u00edtrico con un ligero dulzor semidulce y amaderado al secarse.<\/span><\/li>\n<li class=\"dF3vjf\" data-sfc-root=\"c\" data-sfc-cb=\"\" data-hveid=\"CAMQBQ\" data-processed=\"true\"><span class=\"T286Pc\" data-sfc-cp=\"\" data-sfc-root=\"c\" data-sfc-cb=\"\" data-processed=\"true\"><strong class=\"Yjhzub\" data-sfc-root=\"c\" data-sfc-cb=\"\" data-processed=\"true\">Duraci\u00f3n y Proyecci\u00f3n:<\/strong>\u00a0A pesar de ser una fragancia fresca, destaca por tener una buena duraci\u00f3n (aproximadamente 6-8 horas) y proyecci\u00f3n notable.<\/span><\/li>\n<li class=\"dF3vjf\" data-sfc-root=\"c\" data-sfc-cb=\"\" data-hveid=\"CAMQBg\" data-processed=\"true\"><span class=\"T286Pc\" data-sfc-cp=\"\" data-sfc-root=\"c\" data-sfc-cb=\"\" data-processed=\"true\"><strong class=\"Yjhzub\" data-sfc-root=\"c\" data-sfc-cb=\"\" data-processed=\"true\">Estilo:<\/strong>\u00a0Es unisex, aunque a menudo preferida para climas muy calurosos o para el gimnasio.<\/span><span class=\"T286Pc\" data-sfc-cp=\"\" data-sfc-root=\"c\" data-sfc-cb=\"\" data-processed=\"true\"><strong class=\"Yjhzub\" data-sfc-root=\"c\" data-sfc-cb=\"\" data-processed=\"true\">Similitud:<\/strong>\u00a0Muchos lo comparan con una mezcla entre\u00a0<em class=\"eujQNb\" data-sfc-root=\"c\" data-sfc-cb=\"\" data-processed=\"true\">Bleu de Chanel<\/em>\u00a0y\u00a0<em class=\"eujQNb\" data-sfc-root=\"c\" data-sfc-cb=\"\" data-processed=\"true\">YSL Y<\/em>.<\/span><span class=\"uJ19be notranslate\" data-sfc-root=\"c\" data-wiz-uids=\"bzjL6c_1m,bzjL6c_1n\" data-sfc-cb=\"\" data-processed=\"true\"><span class=\"vKEkVd\" data-animation-atomic=\"\" data-wiz-attrbind=\"class=bzjL6c_1l\/TKHnVd\" data-processed=\"true\"><span aria-hidden=\"true\" data-processed=\"true\">\u00a0<\/span><\/span><\/span><\/li>\n<\/ul>","protected":false},"excerpt":{"rendered":"<p>Perfume de mujer.Fresco,limpio,afrutado y con un toque acu\u00e1tico. Es una fragancia dise\u00f1ada para el verano y el uso diario, muy vers\u00e1til y popular por generar cumplidos.<\/p>","protected":false},"featured_media":7750,"comment_status":"open","ping_status":"closed","template":"","meta":{"_joinchat":[]},"product_brand":[],"product_cat":[211],"product_tag":[],"class_list":{"0":"post-7672","1":"product","2":"type-product","3":"status-publish","4":"has-post-thumbnail","6":"product_cat-mini-tallas-35ml-arabes","8":"first","9":"instock","10":"taxable","11":"shipping-taxable","12":"purchasable","13":"product-type-simple"},"_links":{"self":[{"href":"https:\/\/bonitashop.es\/en\/wp-json\/wp\/v2\/product\/7672","targetHints":{"allow":["GET"]}}],"collection":[{"href":"https:\/\/bonitashop.es\/en\/wp-json\/wp\/v2\/product"}],"about":[{"href":"https:\/\/bonitashop.es\/en\/wp-json\/wp\/v2\/types\/product"}],"replies":[{"embeddable":true,"href":"https:\/\/bonitashop.es\/en\/wp-json\/wp\/v2\/comments?post=7672"}],"version-history":[{"count":3,"href":"https:\/\/bonitashop.es\/en\/wp-json\/wp\/v2\/product\/7672\/revisions"}],"predecessor-version":[{"id":7838,"href":"https:\/\/bonitashop.es\/en\/wp-json\/wp\/v2\/product\/7672\/revisions\/7838"}],"wp:featuredmedia":[{"embeddable":true,"href":"https:\/\/bonitashop.es\/en\/wp-json\/wp\/v2\/media\/7750"}],"wp:attachment":[{"href":"https:\/\/bonitashop.es\/en\/wp-json\/wp\/v2\/media?parent=7672"}],"wp:term":[{"taxonomy":"product_brand","embeddable":true,"href":"https:\/\/bonitashop.es\/en\/wp-json\/wp\/v2\/product_brand?post=7672"},{"taxonomy":"product_cat","embeddable":true,"href":"https:\/\/bonitashop.es\/en\/wp-json\/wp\/v2\/product_cat?post=7672"},{"taxonomy":"product_tag","embeddable":true,"href":"https:\/\/bonitashop.es\/en\/wp-json\/wp\/v2\/product_tag?post=7672"}],"curies":[{"name":"wp","href":"https:\/\/api.w.org\/{rel}","templated":true}]}}