{"id":7676,"date":"2026-03-28T13:01:49","date_gmt":"2026-03-28T12:01:49","guid":{"rendered":"https:\/\/bonitashop.es\/?post_type=product&#038;p=7676"},"modified":"2026-04-07T17:09:46","modified_gmt":"2026-04-07T16:09:46","slug":"mini-talla-arabe-sakeena-35ml","status":"publish","type":"product","link":"https:\/\/bonitashop.es\/en\/product\/mini-talla-arabe-sakeena-35ml\/","title":{"rendered":"Mini talla \u00c1rabe Sakeena 35ml"},"content":{"rendered":"<div class=\"Y3BBE\" data-sfc-cp=\"\" data-sfc-root=\"c\" data-sfc-cb=\"\" data-hveid=\"CAMQAA\" data-complete=\"true\" data-processed=\"true\">Su composici\u00f3n olfativa se divide en:<\/div>\n<ul class=\"KsbFXc U6u95\" data-sfc-root=\"c\" data-sfc-cb=\"\" data-processed=\"true\" data-complete=\"true\">\n<li class=\"dF3vjf\" data-sfc-root=\"c\" data-sfc-cb=\"\" data-hveid=\"CAQQAA\" data-complete=\"true\" data-sae=\"\"><span class=\"T286Pc\" data-sfc-cp=\"\" data-sfc-root=\"c\" data-sfc-cb=\"\" data-complete=\"true\"><strong class=\"Yjhzub\" data-sfc-root=\"c\" data-sfc-cb=\"\" data-complete=\"true\">Salida (lo primero que sientes):<\/strong>\u00a0Una explosi\u00f3n frutal de\u00a0<strong class=\"Yjhzub\" data-sfc-root=\"c\" data-sfc-cb=\"\" data-complete=\"true\">maracuy\u00e1<\/strong>\u00a0(parcha), mandarina y frambuesa, acompa\u00f1ada de notas oz\u00f3nicas que le dan frescura inicial.<\/span><\/li>\n<li class=\"dF3vjf\" data-sfc-root=\"c\" data-sfc-cb=\"\" data-hveid=\"CAQQAQ\" data-sae=\"\" data-complete=\"true\"><span class=\"T286Pc\" data-sfc-cp=\"\" data-sfc-root=\"c\" data-sfc-cb=\"\" data-complete=\"true\"><strong class=\"Yjhzub\" data-sfc-root=\"c\" data-sfc-cb=\"\" data-complete=\"true\">Coraz\u00f3n (el cuerpo del perfume):<\/strong>\u00a0Predominan las\u00a0<strong class=\"Yjhzub\" data-sfc-root=\"c\" data-sfc-cb=\"\" data-complete=\"true\">rosas<\/strong>\u00a0y la flor de azahar del naranjo, con un toque de sal de mar que equilibra el dulzor.<\/span><\/li>\n<li class=\"dF3vjf\" data-sfc-root=\"c\" data-sfc-cb=\"\" data-hveid=\"CAQQAg\" data-complete=\"true\" data-processed=\"true\" data-sae=\"\"><span class=\"T286Pc\" data-sfc-cp=\"\" data-sfc-root=\"c\" data-sfc-cb=\"\" data-complete=\"true\"><strong class=\"Yjhzub\" data-sfc-root=\"c\" data-sfc-cb=\"\" data-complete=\"true\">Fondo (lo que perdura):<\/strong>\u00a0Una base muy golosa y \u00abgourmand\u00bb con\u00a0<strong class=\"Yjhzub\" data-sfc-root=\"c\" data-sfc-cb=\"\" data-complete=\"true\">toffee (caramelo)<\/strong>, pralin\u00e9 y vainilla, mezclados con almizcle<\/span>\n<div class=\"otQkpb\" role=\"heading\" data-animation-nesting=\"\" data-sfc-cp=\"\" data-sfc-root=\"c\" data-sfc-cb=\"\" data-complete=\"true\" data-processed=\"true\" data-sae=\"\">Sensaci\u00f3n y Opiniones<\/div>\n<ul class=\"KsbFXc U6u95\" data-sfc-root=\"c\" data-sfc-cb=\"\" data-processed=\"true\" data-complete=\"true\">\n<li class=\"dF3vjf\" data-sfc-root=\"c\" data-sfc-cb=\"\" data-hveid=\"CAYQAA\" data-complete=\"true\" data-sae=\"\"><span class=\"T286Pc\" data-sfc-cp=\"\" data-sfc-root=\"c\" data-sfc-cb=\"\" data-complete=\"true\"><strong class=\"Yjhzub\" data-sfc-root=\"c\" data-sfc-cb=\"\" data-complete=\"true\">Vibe:<\/strong>\u00a0Es descrito como un aroma\u00a0<strong class=\"Yjhzub\" data-sfc-root=\"c\" data-sfc-cb=\"\" data-complete=\"true\">sexy, femenino y adictivo<\/strong>. Algunos usuarios lo comparan con el olor de un chocolate relleno de maracuy\u00e1 o un ramo de rosas dulces.<\/span><\/li>\n<li class=\"dF3vjf\" data-sfc-root=\"c\" data-sfc-cb=\"\" data-hveid=\"CAYQAQ\" data-complete=\"true\" data-sae=\"\"><span class=\"T286Pc\" data-sfc-cp=\"\" data-sfc-root=\"c\" data-sfc-cb=\"\" data-complete=\"true\"><strong class=\"Yjhzub\" data-sfc-root=\"c\" data-sfc-cb=\"\" data-complete=\"true\">Intensidad:<\/strong>\u00a0Tiene una estela potente y una duraci\u00f3n prolongada (alrededor de 6 a 7 horas).<\/span><\/li>\n<li class=\"dF3vjf\" data-sfc-root=\"c\" data-sfc-cb=\"\" data-hveid=\"CAYQAg\" data-sae=\"\" data-complete=\"true\"><span class=\"T286Pc\" data-sfc-cp=\"\" data-sfc-root=\"c\" data-sfc-cb=\"\" data-complete=\"true\"><strong class=\"Yjhzub\" data-sfc-root=\"c\" data-sfc-cb=\"\" data-complete=\"true\">Contraste:<\/strong>\u00a0Aunque a la mayor\u00eda le encanta por su dulzor, hay quienes perciben la frambuesa de forma artificial, similar a un \u00abjarabe\u00bb o pastilla dulce.<\/span><span class=\"uJ19be notranslate\" data-sfc-root=\"c\" data-wiz-uids=\"EDCs5_1u,EDCs5_1v\" data-sfc-cb=\"\" data-complete=\"true\"><span class=\"vKEkVd\" data-animation-atomic=\"\" data-wiz-attrbind=\"class=EDCs5_1t\/TKHnVd\" data-sae=\"\"><span aria-hidden=\"true\">\u00a0<\/span><\/span><\/span><\/li>\n<\/ul>\n<div class=\"Y3BBE\" data-sfc-cp=\"\" data-sfc-root=\"c\" data-sfc-cb=\"\" data-hveid=\"CAcQAA\" data-processed=\"true\" data-complete=\"true\">Es ideal para quienes buscan perfumes \u00e1rabes\u00a0<strong class=\"Yjhzub\" data-sfc-root=\"c\" data-sfc-cb=\"\" data-complete=\"true\" data-processed=\"true\">ultra dulces<\/strong>\u00a0y llamativos, preferiblemente para climas frescos o eventos especiales.<\/div>\n<\/li>\n<\/ul>","protected":false},"excerpt":{"rendered":"<p>Es una fragancia dulce,frutal y gourmand,caracterizada por una explosi\u00f3n de maracuy\u00e1(fruta de la pasi\u00f3n) y frambuesa en la salida,seguida de un coraz\u00f3n de rosa y sal de mar,y un fonde cremoso de vainilla,pralin\u00e9 y almizcle. Es un aroma juvenil, adictivo, sexy y equilibrado, ideal para estaciones fr\u00edas.<span class=\"uJ19be notranslate\" data-sfc-root=\"c\" data-wiz-uids=\"p5KJkd_k,p5KJkd_l\" data-sfc-cb=\"\" data-processed=\"true\"><span class=\"vKEkVd\" data-animation-atomic=\"\" data-wiz-attrbind=\"class=p5KJkd_j\/TKHnVd\" data-processed=\"true\"><span aria-hidden=\"true\" data-processed=\"true\">\u00a0<\/span><\/span><\/span><\/p>\n<div class=\"Fwa2Od\" data-animation-skip=\"\" data-sfc-root=\"c\" data-sfc-cb=\"\" data-ved=\"2ahUKEwi44seUj9yTAxWsRaQEHevoHZ4Q3s0SegQIARAE\" data-processed=\"true\"><\/div>","protected":false},"featured_media":7758,"comment_status":"open","ping_status":"closed","template":"","meta":{"_joinchat":[]},"product_brand":[],"product_cat":[211],"product_tag":[],"class_list":{"0":"post-7676","1":"product","2":"type-product","3":"status-publish","4":"has-post-thumbnail","6":"product_cat-mini-tallas-35ml-arabes","8":"first","9":"instock","10":"taxable","11":"shipping-taxable","12":"purchasable","13":"product-type-simple"},"_links":{"self":[{"href":"https:\/\/bonitashop.es\/en\/wp-json\/wp\/v2\/product\/7676","targetHints":{"allow":["GET"]}}],"collection":[{"href":"https:\/\/bonitashop.es\/en\/wp-json\/wp\/v2\/product"}],"about":[{"href":"https:\/\/bonitashop.es\/en\/wp-json\/wp\/v2\/types\/product"}],"replies":[{"embeddable":true,"href":"https:\/\/bonitashop.es\/en\/wp-json\/wp\/v2\/comments?post=7676"}],"version-history":[{"count":3,"href":"https:\/\/bonitashop.es\/en\/wp-json\/wp\/v2\/product\/7676\/revisions"}],"predecessor-version":[{"id":7833,"href":"https:\/\/bonitashop.es\/en\/wp-json\/wp\/v2\/product\/7676\/revisions\/7833"}],"wp:featuredmedia":[{"embeddable":true,"href":"https:\/\/bonitashop.es\/en\/wp-json\/wp\/v2\/media\/7758"}],"wp:attachment":[{"href":"https:\/\/bonitashop.es\/en\/wp-json\/wp\/v2\/media?parent=7676"}],"wp:term":[{"taxonomy":"product_brand","embeddable":true,"href":"https:\/\/bonitashop.es\/en\/wp-json\/wp\/v2\/product_brand?post=7676"},{"taxonomy":"product_cat","embeddable":true,"href":"https:\/\/bonitashop.es\/en\/wp-json\/wp\/v2\/product_cat?post=7676"},{"taxonomy":"product_tag","embeddable":true,"href":"https:\/\/bonitashop.es\/en\/wp-json\/wp\/v2\/product_tag?post=7676"}],"curies":[{"name":"wp","href":"https:\/\/api.w.org\/{rel}","templated":true}]}}