{"id":7678,"date":"2026-03-28T13:02:38","date_gmt":"2026-03-28T12:02:38","guid":{"rendered":"https:\/\/bonitashop.es\/?post_type=product&#038;p=7678"},"modified":"2026-04-07T17:04:35","modified_gmt":"2026-04-07T16:04:35","slug":"mini-talla-arabe-khamrah-35ml","status":"publish","type":"product","link":"https:\/\/bonitashop.es\/en\/product\/mini-talla-arabe-khamrah-35ml\/","title":{"rendered":"Mini talla \u00c1rabe Khamrah 35ml"},"content":{"rendered":"<div class=\"otQkpb\" role=\"heading\" data-animation-nesting=\"\" data-sfc-cp=\"\" data-sfc-root=\"c\" data-sfc-cb=\"\" data-complete=\"true\" data-processed=\"true\" data-sae=\"\">Notas principales y experiencia olfativa<\/div>\n<div class=\"Y3BBE\" data-sfc-cp=\"\" data-sfc-root=\"c\" data-sfc-cb=\"\" data-hveid=\"CAQQAA\" data-complete=\"true\" data-processed=\"true\">El aroma se describe frecuentemente como una mezcla que evoca un\u00a0<strong class=\"Yjhzub\" data-sfc-root=\"c\" data-sfc-cb=\"\" data-complete=\"true\" data-processed=\"true\">postre de lujo<\/strong>\u00a0o un\u00a0<strong class=\"Yjhzub\" data-sfc-root=\"c\" data-sfc-cb=\"\" data-complete=\"true\" data-processed=\"true\">licor fino<\/strong>:<span class=\"uJ19be notranslate\" data-sfc-root=\"c\" data-wiz-uids=\"pHakrc_z,pHakrc_10\" data-sfc-cb=\"\" data-complete=\"true\" data-processed=\"true\"><span class=\"vKEkVd\" data-animation-atomic=\"\" data-wiz-attrbind=\"class=pHakrc_y\/TKHnVd\" data-sae=\"\"><span aria-hidden=\"true\">\u00a0<\/span><\/span><\/span><\/div>\n<ul class=\"KsbFXc U6u95\" data-sfc-root=\"c\" data-sfc-cb=\"\" data-complete=\"true\" data-processed=\"true\">\n<li class=\"dF3vjf\" data-sfc-root=\"c\" data-sfc-cb=\"\" data-hveid=\"CAUQAA\" data-complete=\"true\" data-sae=\"\"><span class=\"T286Pc\" data-sfc-cp=\"\" data-sfc-root=\"c\" data-sfc-cb=\"\" data-complete=\"true\"><strong class=\"Yjhzub\" data-sfc-root=\"c\" data-sfc-cb=\"\" data-complete=\"true\">Salida (lo primero que hueles):<\/strong>\u00a0Predomina la\u00a0<strong class=\"Yjhzub\" data-sfc-root=\"c\" data-sfc-cb=\"\" data-complete=\"true\">canela<\/strong>\u00a0intensa mezclada con nuez moscada y un toque c\u00edtrico de bergamota.<\/span><\/li>\n<li class=\"dF3vjf\" data-sfc-root=\"c\" data-sfc-cb=\"\" data-hveid=\"CAUQAQ\" data-complete=\"true\" data-sae=\"\"><span class=\"T286Pc\" data-sfc-cp=\"\" data-sfc-root=\"c\" data-sfc-cb=\"\" data-complete=\"true\"><strong class=\"Yjhzub\" data-sfc-root=\"c\" data-sfc-cb=\"\" data-complete=\"true\">Coraz\u00f3n (el cuerpo del perfume):<\/strong>\u00a0Se vuelve muy dulce y \u00abcomestible\u00bb gracias a notas de\u00a0<strong class=\"Yjhzub\" data-sfc-root=\"c\" data-sfc-cb=\"\" data-complete=\"true\">d\u00e1tiles<\/strong>,\u00a0<strong class=\"Yjhzub\" data-sfc-root=\"c\" data-sfc-cb=\"\" data-complete=\"true\">pralin\u00e9<\/strong>\u00a0y un ligero toque floral de nardos.<\/span><\/li>\n<li class=\"dF3vjf\" data-sfc-root=\"c\" data-sfc-cb=\"\" data-hveid=\"CAUQAg\" data-complete=\"true\" data-sae=\"\"><span class=\"T286Pc\" data-sfc-cp=\"\" data-sfc-root=\"c\" data-sfc-cb=\"\" data-complete=\"true\"><strong class=\"Yjhzub\" data-sfc-root=\"c\" data-sfc-cb=\"\" data-complete=\"true\">Fondo (lo que perdura):<\/strong>\u00a0Deja una estela c\u00e1lida de\u00a0<strong class=\"Yjhzub\" data-sfc-root=\"c\" data-sfc-cb=\"\" data-complete=\"true\">vainilla<\/strong>, haba tonka, \u00e1mbar y mirra, que le da esa sensaci\u00f3n acogedora y sensual.<\/span><\/li>\n<\/ul>","protected":false},"excerpt":{"rendered":"<p>La minitalla de\u00a0<strong class=\"Yjhzub\" data-sfc-root=\"c\" data-sfc-cb=\"\" data-processed=\"true\"><span data-sfc-root=\"c\" data-wiz-uids=\"woB9Tc_h\" data-sfc-cb=\"\" data-processed=\"true\"><a class=\"GI370e\" href=\"https:\/\/www.google.com\/search?q=Khamrah+de+Lattafa&amp;rlz=1C1JZAP_esES1033ES1033&amp;sca_esv=38623c8ca84aacad&amp;sxsrf=ANbL-n77G9cdmINoM8n_ogCHFPEIOGnRPQ%3A1775577196953&amp;ei=bCjVaZHzOfyKkdUPsJeVcA&amp;oq=a+que+huele+la+minitalla+kham&amp;gs_lp=Egxnd3Mtd2l6LXNlcnAiHWEgcXVlIGh1ZWxlIGxhIG1pbml0YWxsYSBraGFtKgIIADIFECEYoAEyBRAhGKABMgUQIRigATIFECEYoAFIzjlQjwdYliZwAXgAkAEAmAGGAaABxQ2qAQM4Ljm4AQHIAQD4AQGYAhGgAq8NwgIKEAAYRxjWBBiwA8ICChAjGPAFGJ4GGCfCAggQABiABBiiBMICChAjGJ4GGPAFGCfCAgUQABjvBcICCBAAGIkFGKIEmAMAiAYBkAYIkgcENy4xMKAH7ZUBsgcENi4xMLgHqw3CBwYwLjE2LjHIBySACAE&amp;sclient=gws-wiz-serp&amp;mstk=AUtExfDS_xN9Gl2EZmlhsthoQAsyEbiRxnbAvYbfIS2SuHHKhFt_EKw6lW6Tw-dFkp47U7YBz2tnIL7F_P-vJMSt3Us_AohsWVadXgb2uvPdVrKQj1wLQYW_bRq9zXrZrtyDmMT2_9xMbN_Ex_jEjPPJuGV-jCNMBJFDG6LFlZ2hQwNcGk34CTVTZSLXAasw_JYXU5iLgHAZymPs9PSsuTw5Wcc5Zq0yU0wL164ToDE91TdB9-vv4Xe5JcOZmX4wjS9CWwyisfvNPTRIs2Mi9FM06fPY4lXr9PEJLkmrPQR9imp2zfGUsn17NA0ZxvOwJIM8aD2kSEFcU7HJIEaMSr89hpOr9C_GPo6O-UCqI6A0VyCnv-j_hmHXQ1xj5VUNWVUgQg&amp;csui=3&amp;ved=2ahUKEwjR0PnIjtyTAxV-hP0HHXk2IVkQgK4QegQIARAB\" data-ved=\"2ahUKEwjR0PnIjtyTAxV-hP0HHXk2IVkQgK4QegQIARAB\" data-hveid=\"CAEQAQ\" data-processed=\"true\">Khamrah de Lattafa<\/a><\/span><\/strong> huele a una fragancia dulce,especiada y alicorada,\u00a0siendo un aroma\u00a0<em class=\"eujQNb\" data-sfc-root=\"c\" data-sfc-cb=\"\" data-processed=\"true\">gourmand<\/em>\u00a0intenso y adictivo. Su olor recuerda a una mezcla de\u00a0<strong class=\"Yjhzub\" data-sfc-root=\"c\" data-sfc-cb=\"\" data-processed=\"true\">canela, d\u00e1tiles, pralin\u00e9 y vainilla<\/strong>, con toques de maderas c\u00e1lidas, a menudo descrito como un pay de manzana cremoso o licor de d\u00e1tiles. Es un perfume unisex de gran duraci\u00f3n, ideal para oto\u00f1o e invierno.<\/p>","protected":false},"featured_media":7755,"comment_status":"open","ping_status":"closed","template":"","meta":{"_joinchat":[]},"product_brand":[],"product_cat":[211],"product_tag":[],"class_list":{"0":"post-7678","1":"product","2":"type-product","3":"status-publish","4":"has-post-thumbnail","6":"product_cat-mini-tallas-35ml-arabes","8":"first","9":"instock","10":"taxable","11":"shipping-taxable","12":"purchasable","13":"product-type-simple"},"_links":{"self":[{"href":"https:\/\/bonitashop.es\/en\/wp-json\/wp\/v2\/product\/7678","targetHints":{"allow":["GET"]}}],"collection":[{"href":"https:\/\/bonitashop.es\/en\/wp-json\/wp\/v2\/product"}],"about":[{"href":"https:\/\/bonitashop.es\/en\/wp-json\/wp\/v2\/types\/product"}],"replies":[{"embeddable":true,"href":"https:\/\/bonitashop.es\/en\/wp-json\/wp\/v2\/comments?post=7678"}],"version-history":[{"count":3,"href":"https:\/\/bonitashop.es\/en\/wp-json\/wp\/v2\/product\/7678\/revisions"}],"predecessor-version":[{"id":7831,"href":"https:\/\/bonitashop.es\/en\/wp-json\/wp\/v2\/product\/7678\/revisions\/7831"}],"wp:featuredmedia":[{"embeddable":true,"href":"https:\/\/bonitashop.es\/en\/wp-json\/wp\/v2\/media\/7755"}],"wp:attachment":[{"href":"https:\/\/bonitashop.es\/en\/wp-json\/wp\/v2\/media?parent=7678"}],"wp:term":[{"taxonomy":"product_brand","embeddable":true,"href":"https:\/\/bonitashop.es\/en\/wp-json\/wp\/v2\/product_brand?post=7678"},{"taxonomy":"product_cat","embeddable":true,"href":"https:\/\/bonitashop.es\/en\/wp-json\/wp\/v2\/product_cat?post=7678"},{"taxonomy":"product_tag","embeddable":true,"href":"https:\/\/bonitashop.es\/en\/wp-json\/wp\/v2\/product_tag?post=7678"}],"curies":[{"name":"wp","href":"https:\/\/api.w.org\/{rel}","templated":true}]}}