{"id":7680,"date":"2026-03-28T13:03:18","date_gmt":"2026-03-28T12:03:18","guid":{"rendered":"https:\/\/bonitashop.es\/?post_type=product&#038;p=7680"},"modified":"2026-04-07T17:02:07","modified_gmt":"2026-04-07T16:02:07","slug":"mini-talla-arabe-asad-bourbon-35ml","status":"publish","type":"product","link":"https:\/\/bonitashop.es\/en\/product\/mini-talla-arabe-asad-bourbon-35ml\/","title":{"rendered":"Mini talla \u00c1rabe Asad Bourbon 35ml"},"content":{"rendered":"<div class=\"otQkpb\" role=\"heading\" data-animation-nesting=\"\" data-sfc-cp=\"\" data-sfc-root=\"c\" data-sfc-cb=\"\" data-processed=\"true\" data-sae=\"\" data-complete=\"true\">Perfil Olfativo<\/div>\n<div class=\"Y3BBE\" data-sfc-cp=\"\" data-sfc-root=\"c\" data-sfc-cb=\"\" data-hveid=\"CAQQAA\" data-complete=\"true\" data-processed=\"true\">El aroma evoluciona en tres etapas principales:<\/div>\n<ul class=\"KsbFXc U6u95\" data-sfc-root=\"c\" data-sfc-cb=\"\" data-complete=\"true\" data-processed=\"true\">\n<li class=\"dF3vjf\" data-sfc-root=\"c\" data-sfc-cb=\"\" data-hveid=\"CAUQAA\" data-complete=\"true\" data-sae=\"\"><span class=\"T286Pc\" data-sfc-cp=\"\" data-sfc-root=\"c\" data-sfc-cb=\"\" data-complete=\"true\"><strong class=\"Yjhzub\" data-sfc-root=\"c\" data-sfc-cb=\"\" data-complete=\"true\">Salida (Primer impacto):<\/strong>\u00a0Se percibe un toque fresco y ligeramente picante por la\u00a0<strong class=\"Yjhzub\" data-sfc-root=\"c\" data-sfc-cb=\"\" data-complete=\"true\">lavanda<\/strong>, la\u00a0<strong class=\"Yjhzub\" data-sfc-root=\"c\" data-sfc-cb=\"\" data-complete=\"true\">pimienta rosa<\/strong>\u00a0y la dulzura frutal de la\u00a0<strong class=\"Yjhzub\" data-sfc-root=\"c\" data-sfc-cb=\"\" data-complete=\"true\">ciruela Mirabel<\/strong>.<\/span><\/li>\n<li class=\"dF3vjf\" data-sfc-root=\"c\" data-sfc-cb=\"\" data-hveid=\"CAUQAQ\" data-complete=\"true\" data-sae=\"\"><span class=\"T286Pc\" data-sfc-cp=\"\" data-sfc-root=\"c\" data-sfc-cb=\"\" data-complete=\"true\"><strong class=\"Yjhzub\" data-sfc-root=\"c\" data-sfc-cb=\"\" data-complete=\"true\">Coraz\u00f3n (Cuerpo del perfume):<\/strong>\u00a0Aparece una nota distintiva de\u00a0<strong class=\"Yjhzub\" data-sfc-root=\"c\" data-sfc-cb=\"\" data-complete=\"true\">cacao<\/strong>\u00a0(chocolatosa y algo seca) mezclada con\u00a0<strong class=\"Yjhzub\" data-sfc-root=\"c\" data-sfc-cb=\"\" data-complete=\"true\">nuez moscada<\/strong>\u00a0y davana, d\u00e1ndole un aire especiado.<\/span><\/li>\n<li class=\"dF3vjf\" data-sfc-root=\"c\" data-sfc-cb=\"\" data-hveid=\"CAUQAg\" data-complete=\"true\" data-sae=\"\"><span class=\"T286Pc\" data-sfc-cp=\"\" data-sfc-root=\"c\" data-sfc-cb=\"\" data-complete=\"true\"><strong class=\"Yjhzub\" data-sfc-root=\"c\" data-sfc-cb=\"\" data-complete=\"true\">Fondo (Lo que perdura):<\/strong>\u00a0La base es rica en\u00a0<strong class=\"Yjhzub\" data-sfc-root=\"c\" data-sfc-cb=\"\" data-complete=\"true\">vainilla Bourbon<\/strong>\u00a0cremosa,\u00a0<strong class=\"Yjhzub\" data-sfc-root=\"c\" data-sfc-cb=\"\" data-complete=\"true\">\u00e1mbar<\/strong>\u00a0y vetiver, lo que le otorga un acabado dulce acaramelado sin llegar a ser empalagoso.<\/span><\/li>\n<\/ul>","protected":false},"excerpt":{"rendered":"<p>Es una fragancia oriental especiada y <strong class=\"Yjhzub\" data-sfc-root=\"c\" data-sfc-cb=\"\" data-processed=\"true\">gourmand<\/strong> .Huele a una mezcla sofisticada y c\u00e1lida de vainilla bourbon,cacao amargo,\u00e1mbar y ciruela,con toques de lavanda y pimienta .Es un aroma seductor, cremoso y algo seco, ideal para citas y noches fr\u00edas.<\/p>","protected":false},"featured_media":7765,"comment_status":"open","ping_status":"closed","template":"","meta":{"_joinchat":[]},"product_brand":[],"product_cat":[211],"product_tag":[],"class_list":{"0":"post-7680","1":"product","2":"type-product","3":"status-publish","4":"has-post-thumbnail","6":"product_cat-mini-tallas-35ml-arabes","8":"first","9":"instock","10":"taxable","11":"shipping-taxable","12":"purchasable","13":"product-type-simple"},"_links":{"self":[{"href":"https:\/\/bonitashop.es\/en\/wp-json\/wp\/v2\/product\/7680","targetHints":{"allow":["GET"]}}],"collection":[{"href":"https:\/\/bonitashop.es\/en\/wp-json\/wp\/v2\/product"}],"about":[{"href":"https:\/\/bonitashop.es\/en\/wp-json\/wp\/v2\/types\/product"}],"replies":[{"embeddable":true,"href":"https:\/\/bonitashop.es\/en\/wp-json\/wp\/v2\/comments?post=7680"}],"version-history":[{"count":3,"href":"https:\/\/bonitashop.es\/en\/wp-json\/wp\/v2\/product\/7680\/revisions"}],"predecessor-version":[{"id":7829,"href":"https:\/\/bonitashop.es\/en\/wp-json\/wp\/v2\/product\/7680\/revisions\/7829"}],"wp:featuredmedia":[{"embeddable":true,"href":"https:\/\/bonitashop.es\/en\/wp-json\/wp\/v2\/media\/7765"}],"wp:attachment":[{"href":"https:\/\/bonitashop.es\/en\/wp-json\/wp\/v2\/media?parent=7680"}],"wp:term":[{"taxonomy":"product_brand","embeddable":true,"href":"https:\/\/bonitashop.es\/en\/wp-json\/wp\/v2\/product_brand?post=7680"},{"taxonomy":"product_cat","embeddable":true,"href":"https:\/\/bonitashop.es\/en\/wp-json\/wp\/v2\/product_cat?post=7680"},{"taxonomy":"product_tag","embeddable":true,"href":"https:\/\/bonitashop.es\/en\/wp-json\/wp\/v2\/product_tag?post=7680"}],"curies":[{"name":"wp","href":"https:\/\/api.w.org\/{rel}","templated":true}]}}