{"id":7691,"date":"2026-03-28T13:16:11","date_gmt":"2026-03-28T12:16:11","guid":{"rendered":"https:\/\/bonitashop.es\/?post_type=product&#038;p=7691"},"modified":"2026-04-07T11:35:49","modified_gmt":"2026-04-07T10:35:49","slug":"mini-talla-arabe-yara-moi-35ml","status":"publish","type":"product","link":"https:\/\/bonitashop.es\/en\/product\/mini-talla-arabe-yara-moi-35ml\/","title":{"rendered":"Mini talla \u00c1rabe Yara Moi 35ml"},"content":{"rendered":"<ul class=\"KsbFXc U6u95\" data-sfc-root=\"c\" data-sfc-cb=\"\" data-processed=\"true\" data-complete=\"true\">\n<li class=\"dF3vjf\" data-sfc-root=\"c\" data-sfc-cb=\"\" data-hveid=\"CAUQAA\" data-complete=\"true\" data-sae=\"\"><span class=\"T286Pc\" data-sfc-cp=\"\" data-sfc-root=\"c\" data-sfc-cb=\"\" data-complete=\"true\"><strong class=\"Yjhzub\" data-sfc-root=\"c\" data-sfc-cb=\"\" data-complete=\"true\">Notas de Salida:<\/strong>\u00a0Se percibe un inicio dulce y afrutado gracias al\u00a0<strong class=\"Yjhzub\" data-sfc-root=\"c\" data-sfc-cb=\"\" data-complete=\"true\">melocot\u00f3n (durazno)<\/strong>\u00a0y al\u00a0<strong class=\"Yjhzub\" data-sfc-root=\"c\" data-sfc-cb=\"\" data-complete=\"true\">jazm\u00edn<\/strong>.<\/span><\/li>\n<li class=\"dF3vjf\" data-sfc-root=\"c\" data-sfc-cb=\"\" data-hveid=\"CAUQAQ\" data-sae=\"\" data-complete=\"true\"><span class=\"T286Pc\" data-sfc-cp=\"\" data-sfc-root=\"c\" data-sfc-cb=\"\" data-complete=\"true\"><strong class=\"Yjhzub\" data-sfc-root=\"c\" data-sfc-cb=\"\" data-complete=\"true\">Notas de Coraz\u00f3n:<\/strong>\u00a0El aroma evoluciona hacia una fase muy golosa donde destaca el\u00a0<strong class=\"Yjhzub\" data-sfc-root=\"c\" data-sfc-cb=\"\" data-complete=\"true\">caramelo<\/strong>\u00a0y el\u00a0<strong class=\"Yjhzub\" data-sfc-root=\"c\" data-sfc-cb=\"\" data-complete=\"true\">\u00e1mbar<\/strong>, d\u00e1ndole esa vibraci\u00f3n de \u00abpostre elegante\u00bb.<\/span><\/li>\n<li class=\"dF3vjf\" data-sfc-root=\"c\" data-sfc-cb=\"\" data-hveid=\"CAUQAg\" data-processed=\"true\" data-sae=\"\" data-complete=\"true\"><span class=\"T286Pc\" data-sfc-cp=\"\" data-sfc-root=\"c\" data-sfc-cb=\"\" data-complete=\"true\"><strong class=\"Yjhzub\" data-sfc-root=\"c\" data-sfc-cb=\"\" data-complete=\"true\">Notas de Fondo:<\/strong>\u00a0Cierra con una base c\u00e1lida y cremosa de\u00a0<strong class=\"Yjhzub\" data-sfc-root=\"c\" data-sfc-cb=\"\" data-complete=\"true\">s\u00e1ndalo<\/strong>\u00a0y\u00a0<strong class=\"Yjhzub\" data-sfc-root=\"c\" data-sfc-cb=\"\" data-complete=\"true\">pachul\u00ed<\/strong>, que le aporta profundidad y una mayor fijaci\u00f3n en la piel.<\/span><\/li>\n<li class=\"dF3vjf\" data-sfc-root=\"c\" data-sfc-cb=\"\" data-hveid=\"CAgQAA\" data-complete=\"true\" data-sae=\"\"><span class=\"T286Pc\" data-sfc-cp=\"\" data-sfc-root=\"c\" data-sfc-cb=\"\" data-complete=\"true\"><strong class=\"Yjhzub\" data-sfc-root=\"c\" data-sfc-cb=\"\" data-complete=\"true\">Vibe general:<\/strong>\u00a0Se describe como una fragancia\u00a0<strong class=\"Yjhzub\" data-sfc-root=\"c\" data-sfc-cb=\"\" data-complete=\"true\">sofisticada y elegante<\/strong>, ideal para una cita nocturna o climas frescos debido a su dulzura densa.<\/span><\/li>\n<li class=\"dF3vjf\" data-sfc-root=\"c\" data-sfc-cb=\"\" data-hveid=\"CAgQAQ\" data-complete=\"true\" data-sae=\"\"><span class=\"T286Pc\" data-sfc-cp=\"\" data-sfc-root=\"c\" data-sfc-cb=\"\" data-complete=\"true\"><strong class=\"Yjhzub\" data-sfc-root=\"c\" data-sfc-cb=\"\" data-complete=\"true\">Comparaci\u00f3n:<\/strong>\u00a0A diferencia del Yara rosado, que huele a batido de fresa y vainilla, el\u00a0<strong class=\"Yjhzub\" data-sfc-root=\"c\" data-sfc-cb=\"\" data-complete=\"true\">Yara Moi<\/strong>\u00a0es m\u00e1s \u00abdorado\u00bb y amaderado.<\/span><\/li>\n<\/ul>","protected":false},"excerpt":{"rendered":"<p>La minitalla de\u00a0<strong class=\"Yjhzub\" data-sfc-root=\"c\" data-sfc-cb=\"\" data-processed=\"true\"><span data-sfc-root=\"c\" data-wiz-uids=\"E02Sie_h\" data-sfc-cb=\"\" data-processed=\"true\"><a class=\"GI370e\" href=\"https:\/\/www.google.com\/search?q=Yara+Moi&amp;rlz=1C1JZAP_esES1033ES1033&amp;biw=1536&amp;bih=695&amp;sca_esv=213abde7ff0037f0&amp;sxsrf=ANbL-n4asvTEgshx04s7LJKJ0sYSz0YT5Q%3A1775557660509&amp;ei=HNzUac3jHrCvkdUPjYK58AM&amp;ved=2ahUKEwiNppH0xNuTAxVFUqQEHdwiLWcQgK4QegQIARAB&amp;uact=5&amp;oq=a+que+huele+la+minitalla+de+yara+moi&amp;gs_lp=Egxnd3Mtd2l6LXNlcnAiJGEgcXVlIGh1ZWxlIGxhIG1pbml0YWxsYSBkZSB5YXJhIG1vaTIFECEYoAEyBRAhGKABMgUQIRigAUiDUlCUCFiSSnAEeACQAQCYAZQBoAG_E6oBBDE3Ljm4AQPIAQD4AQGYAh2gArgTwgIKEAAYRxjWBBiwA8ICChAjGPAFGJ4GGCfCAggQABiABBiiBMICBRAAGO8FwgIKECMYngYY8AUYJ8ICBxAhGAoYoAHCAggQABiJBRiiBJgDAIgGAZAGCJIHBTE5LjEwoAfv6wGyBwUxNS4xMLgHpxPCBwYwLjI1LjTIB0WACAE&amp;sclient=gws-wiz-serp&amp;mstk=AUtExfA7Sggr0_KAeGkw_GJdMP1KnXw3hU61W5U601KpO_xZKyWKaXJp3uUMkoaCW0A6iP82Yi2zfJG-zUV4ytUPLs9Q32uxV5CBpIN2ypHoQ-Gawhz_XpnqYa11Rxk1fSzojc9NZpNGjLD9dVNV1kzEe-JzGJGuQgkECatiW9x4aKDJA5uPjKjuDfbRE8xucVDL6grnyJK1Z85HVQBBrKm-9fRsp5cRJBiMlqwZSw1UrgsFt3QXqnKOZQxfM45bUtot0T62oVrThjbGGhTx7nHV12ASJixGQWS1esyal1lRwx2g0w&amp;csui=3\" data-ved=\"2ahUKEwiNppH0xNuTAxVFUqQEHdwiLWcQgK4QegQIARAB\" data-hveid=\"CAEQAQ\" data-processed=\"true\">Yara Moi<\/a><\/span>\u00a0de Lattafa<\/strong> (conocida como el Yara blanco o de tapa blanca) es una fragancia oriental floral-afrutada caracterizada por un aroma sofisticado,amaderado y dulce a caramelo. Se diferencia del original por ser m\u00e1s madura y elegante, con notas de jazm\u00edn, durazno, \u00e1mbar y s\u00e1ndalo<\/p>","protected":false},"featured_media":7735,"comment_status":"open","ping_status":"closed","template":"","meta":{"_joinchat":[]},"product_brand":[],"product_cat":[211],"product_tag":[],"class_list":{"0":"post-7691","1":"product","2":"type-product","3":"status-publish","4":"has-post-thumbnail","6":"product_cat-mini-tallas-35ml-arabes","8":"first","9":"instock","10":"taxable","11":"shipping-taxable","12":"purchasable","13":"product-type-simple"},"_links":{"self":[{"href":"https:\/\/bonitashop.es\/en\/wp-json\/wp\/v2\/product\/7691","targetHints":{"allow":["GET"]}}],"collection":[{"href":"https:\/\/bonitashop.es\/en\/wp-json\/wp\/v2\/product"}],"about":[{"href":"https:\/\/bonitashop.es\/en\/wp-json\/wp\/v2\/types\/product"}],"replies":[{"embeddable":true,"href":"https:\/\/bonitashop.es\/en\/wp-json\/wp\/v2\/comments?post=7691"}],"version-history":[{"count":3,"href":"https:\/\/bonitashop.es\/en\/wp-json\/wp\/v2\/product\/7691\/revisions"}],"predecessor-version":[{"id":7820,"href":"https:\/\/bonitashop.es\/en\/wp-json\/wp\/v2\/product\/7691\/revisions\/7820"}],"wp:featuredmedia":[{"embeddable":true,"href":"https:\/\/bonitashop.es\/en\/wp-json\/wp\/v2\/media\/7735"}],"wp:attachment":[{"href":"https:\/\/bonitashop.es\/en\/wp-json\/wp\/v2\/media?parent=7691"}],"wp:term":[{"taxonomy":"product_brand","embeddable":true,"href":"https:\/\/bonitashop.es\/en\/wp-json\/wp\/v2\/product_brand?post=7691"},{"taxonomy":"product_cat","embeddable":true,"href":"https:\/\/bonitashop.es\/en\/wp-json\/wp\/v2\/product_cat?post=7691"},{"taxonomy":"product_tag","embeddable":true,"href":"https:\/\/bonitashop.es\/en\/wp-json\/wp\/v2\/product_tag?post=7691"}],"curies":[{"name":"wp","href":"https:\/\/api.w.org\/{rel}","templated":true}]}}