{"id":7693,"date":"2026-03-28T13:16:54","date_gmt":"2026-03-28T12:16:54","guid":{"rendered":"https:\/\/bonitashop.es\/?post_type=product&#038;p=7693"},"modified":"2026-04-07T11:30:46","modified_gmt":"2026-04-07T10:30:46","slug":"mini-talla-arabe-her-confession-35ml","status":"publish","type":"product","link":"https:\/\/bonitashop.es\/en\/product\/mini-talla-arabe-her-confession-35ml\/","title":{"rendered":"Mini talla \u00c1rabe Her Confession 35ml"},"content":{"rendered":"<div class=\"Y3BBE\" data-sfc-cp=\"\" data-sfc-root=\"c\" data-sfc-cb=\"\" data-hveid=\"CAMQAA\" data-complete=\"true\" data-processed=\"true\">Es una fragancia que muchos usuarios asocian con el olor del\u00a0<strong class=\"Yjhzub\" data-sfc-root=\"c\" data-sfc-cb=\"\" data-complete=\"true\" data-processed=\"true\">arroz con leche<\/strong>\u00a0debido a su mezcla de leche, vainilla y canela.<span class=\"uJ19be notranslate\" data-sfc-root=\"c\" data-wiz-uids=\"eovby_u,eovby_v\" data-sfc-cb=\"\" data-complete=\"true\" data-processed=\"true\"><span class=\"vKEkVd\" data-animation-atomic=\"\" data-wiz-attrbind=\"class=eovby_t\/TKHnVd\" data-sae=\"\"><span aria-hidden=\"true\">\u00a0<\/span><\/span><\/span><\/div>\n<div class=\"Fsg96\" data-sfc-cp=\"\" data-sfc-root=\"c\" data-sfc-cb=\"\" data-complete=\"true\" data-processed=\"true\"><\/div>\n<div class=\"otQkpb\" role=\"heading\" data-animation-nesting=\"\" data-sfc-cp=\"\" data-sfc-root=\"c\" data-sfc-cb=\"\" data-complete=\"true\" data-processed=\"true\" data-sae=\"\">Notas Olfativas Principales<\/div>\n<ul class=\"KsbFXc U6u95\" data-sfc-root=\"c\" data-sfc-cb=\"\" data-complete=\"true\" data-processed=\"true\">\n<li class=\"dF3vjf\" data-sfc-root=\"c\" data-sfc-cb=\"\" data-hveid=\"CAUQAA\" data-complete=\"true\" data-sae=\"\"><span class=\"T286Pc\" data-sfc-cp=\"\" data-sfc-root=\"c\" data-sfc-cb=\"\" data-complete=\"true\"><strong class=\"Yjhzub\" data-sfc-root=\"c\" data-sfc-cb=\"\" data-complete=\"true\">Salida (Lo primero que hueles):<\/strong>\u00a0Predomina una\u00a0<strong class=\"Yjhzub\" data-sfc-root=\"c\" data-sfc-cb=\"\" data-complete=\"true\">canela<\/strong>\u00a0m\u00edstica y c\u00e1lida que le da un toque especiado desde el inicio.<\/span><\/li>\n<li class=\"dF3vjf\" data-sfc-root=\"c\" data-sfc-cb=\"\" data-hveid=\"CAUQAQ\" data-complete=\"true\" data-sae=\"\"><span class=\"T286Pc\" data-sfc-cp=\"\" data-sfc-root=\"c\" data-sfc-cb=\"\" data-complete=\"true\"><strong class=\"Yjhzub\" data-sfc-root=\"c\" data-sfc-cb=\"\" data-complete=\"true\">Coraz\u00f3n (El cuerpo del perfume):<\/strong>\u00a0Se vuelve floral y cremoso con notas de\u00a0<strong class=\"Yjhzub\" data-sfc-root=\"c\" data-sfc-cb=\"\" data-complete=\"true\">nardos (tuberosas)<\/strong>, jazm\u00edn e incienso. Esta combinaci\u00f3n crea una sensaci\u00f3n de \u00ablimpieza\u00bb pero con un fondo denso y dulce.<\/span><\/li>\n<li class=\"dF3vjf\" data-sfc-root=\"c\" data-sfc-cb=\"\" data-hveid=\"CAUQAg\" data-complete=\"true\" data-sae=\"\"><span class=\"T286Pc\" data-sfc-cp=\"\" data-sfc-root=\"c\" data-sfc-cb=\"\" data-complete=\"true\"><strong class=\"Yjhzub\" data-sfc-root=\"c\" data-sfc-cb=\"\" data-complete=\"true\">Fondo (Lo que perdura):<\/strong>\u00a0Se asienta en una base muy acogedora de\u00a0<strong class=\"Yjhzub\" data-sfc-root=\"c\" data-sfc-cb=\"\" data-complete=\"true\">vainilla<\/strong>, haba tonka y almizcle, lo que le otorga su caracter\u00edstica cremosidad y una duraci\u00f3n que puede superar las 10 horas en piel.<\/span><span class=\"uJ19be notranslate\" data-sfc-root=\"c\" data-wiz-uids=\"eovby_1h,eovby_1i\" data-sfc-cb=\"\" data-complete=\"true\"><span class=\"vKEkVd\" data-animation-atomic=\"\" data-wiz-attrbind=\"class=eovby_1g\/TKHnVd\" data-sae=\"\"><span aria-hidden=\"true\">\u00a0<\/span><\/span><\/span><\/li>\n<\/ul>\n<div class=\"Fsg96\" data-sfc-cp=\"\" data-sfc-root=\"c\" data-sfc-cb=\"\" data-complete=\"true\" data-processed=\"true\"><\/div>\n<div class=\"otQkpb\" role=\"heading\" data-animation-nesting=\"\" data-sfc-cp=\"\" data-sfc-root=\"c\" data-sfc-cb=\"\" data-processed=\"true\" data-sae=\"\" data-complete=\"true\">Caracter\u00edsticas del Aroma<\/div>\n<ul class=\"KsbFXc U6u95\" data-sfc-root=\"c\" data-sfc-cb=\"\" data-complete=\"true\" data-processed=\"true\">\n<li class=\"dF3vjf\" data-sfc-root=\"c\" data-sfc-cb=\"\" data-hveid=\"CAcQAA\" data-complete=\"true\" data-sae=\"\"><span class=\"T286Pc\" data-sfc-cp=\"\" data-sfc-root=\"c\" data-sfc-cb=\"\" data-complete=\"true\"><strong class=\"Yjhzub\" data-sfc-root=\"c\" data-sfc-cb=\"\" data-complete=\"true\">Perfil:<\/strong>\u00a0Femenino, elegante y sensual.<\/span><\/li>\n<li class=\"dF3vjf\" data-sfc-root=\"c\" data-sfc-cb=\"\" data-hveid=\"CAcQAQ\" data-complete=\"true\" data-sae=\"\"><span class=\"T286Pc\" data-sfc-cp=\"\" data-sfc-root=\"c\" data-sfc-cb=\"\" data-complete=\"true\"><strong class=\"Yjhzub\" data-sfc-root=\"c\" data-sfc-cb=\"\" data-complete=\"true\">Estilo:<\/strong>\u00a0Es un perfume \u00abgourmand\u00bb (comestible) pero refinado por las flores blancas.<\/span><\/li>\n<li class=\"dF3vjf\" data-sfc-root=\"c\" data-sfc-cb=\"\" data-hveid=\"CAcQAg\" data-complete=\"true\" data-sae=\"\"><span class=\"T286Pc\" data-sfc-cp=\"\" data-sfc-root=\"c\" data-sfc-cb=\"\" data-complete=\"true\"><strong class=\"Yjhzub\" data-sfc-root=\"c\" data-sfc-cb=\"\" data-complete=\"true\">Sensaci\u00f3n:<\/strong>\u00a0Cremosa, similar a un helado de vainilla con nueces o un postre l\u00e1cteo especiado.<\/span><\/li>\n<\/ul>","protected":false},"excerpt":{"rendered":"<p>La minitalla de\u00a0<strong class=\"Yjhzub\" data-sfc-root=\"c\" data-sfc-cb=\"\" data-processed=\"true\"><span data-sfc-root=\"c\" data-wiz-uids=\"Eyec1_h\" data-sfc-cb=\"\" data-processed=\"true\"><a class=\"GI370e\" href=\"https:\/\/www.google.com\/search?q=Her+Confession+de+Lattafa&amp;sca_esv=213abde7ff0037f0&amp;rlz=1C1JZAP_esES1033ES1033&amp;biw=1536&amp;bih=695&amp;sxsrf=ANbL-n5eYpbMw4w4ZM1qs9x9yWJBo2qUaA%3A1775557561464&amp;ei=udvUafr5G4rX7M8P-uWl2AE&amp;oq=a+que+huele+la+minitalla+de+her+confess&amp;gs_lp=Egxnd3Mtd2l6LXNlcnAiJ2EgcXVlIGh1ZWxlIGxhIG1pbml0YWxsYSBkZSBoZXIgY29uZmVzcyoCCAAyBRAhGKABMgUQIRigAUinRVDOB1jANXABeACQAQCYAXWgAdgMqgEEMTAuN7gBAcgBAPgBAZgCEaACxAzCAggQABjvBRiwA8ICCxAAGIAEGKIEGLADwgIKECMY8AUYngYYJ8ICBRAAGO8FwgIIEAAYgAQYogTCAgoQIxieBhjwBRgnwgIEECMYJ8ICBxAhGAoYoAGYAwCIBgGQBgWSBwM4LjmgB-5psgcDNy45uAfBDMIHBDAuMTfIBx6ACAE&amp;sclient=gws-wiz-serp&amp;mstk=AUtExfDkPzpb2EpgLtCFpf0qNiPLIzRzf5N73wK0M43p1-IHGy4zxEpGOT3uzJGI4uyLyicVNN-9wVQ9JP_Fs1vSRzbwhk1xTWr35qmikC6AnxdeRiK8dBFN6rt-RL0PS6fh7NMdqgwaWFIau53v1ukRNoWtQjt3DM0j99qvPokJBx5kkO8GGoKKE4FW7xMdQw5tFpqjnY91bMQjh--cvnDj3_3oiVP0OhUg41WyWwCnURYwhyjqroCn6qdvcEQg-A__q7R1Or1fQwJ_qoywIVhALzQx&amp;csui=3&amp;ved=2ahUKEwj1mZXdw9uTAxUhVqQEHTriNy8QgK4QegQIARAB\" data-ved=\"2ahUKEwj1mZXdw9uTAxUhVqQEHTriNy8QgK4QegQIARAB\" data-hveid=\"CAEQAQ\" data-processed=\"true\">Her Confession de Lattafa<\/a><\/span><\/strong> (lanzado en 2024) es un perfume dulce, cremoso y especiado, descrito como un \u00abperfumazo\u00bb con gran estela. Huele principalmente a una mezcla de vainilla,nardos y canela,con un fonde balsamico de incienso,haba tonka y almizcle.<\/p>","protected":false},"featured_media":7762,"comment_status":"open","ping_status":"closed","template":"","meta":{"_joinchat":[]},"product_brand":[],"product_cat":[211],"product_tag":[],"class_list":{"0":"post-7693","1":"product","2":"type-product","3":"status-publish","4":"has-post-thumbnail","6":"product_cat-mini-tallas-35ml-arabes","8":"first","9":"instock","10":"taxable","11":"shipping-taxable","12":"purchasable","13":"product-type-simple"},"_links":{"self":[{"href":"https:\/\/bonitashop.es\/en\/wp-json\/wp\/v2\/product\/7693","targetHints":{"allow":["GET"]}}],"collection":[{"href":"https:\/\/bonitashop.es\/en\/wp-json\/wp\/v2\/product"}],"about":[{"href":"https:\/\/bonitashop.es\/en\/wp-json\/wp\/v2\/types\/product"}],"replies":[{"embeddable":true,"href":"https:\/\/bonitashop.es\/en\/wp-json\/wp\/v2\/comments?post=7693"}],"version-history":[{"count":3,"href":"https:\/\/bonitashop.es\/en\/wp-json\/wp\/v2\/product\/7693\/revisions"}],"predecessor-version":[{"id":7818,"href":"https:\/\/bonitashop.es\/en\/wp-json\/wp\/v2\/product\/7693\/revisions\/7818"}],"wp:featuredmedia":[{"embeddable":true,"href":"https:\/\/bonitashop.es\/en\/wp-json\/wp\/v2\/media\/7762"}],"wp:attachment":[{"href":"https:\/\/bonitashop.es\/en\/wp-json\/wp\/v2\/media?parent=7693"}],"wp:term":[{"taxonomy":"product_brand","embeddable":true,"href":"https:\/\/bonitashop.es\/en\/wp-json\/wp\/v2\/product_brand?post=7693"},{"taxonomy":"product_cat","embeddable":true,"href":"https:\/\/bonitashop.es\/en\/wp-json\/wp\/v2\/product_cat?post=7693"},{"taxonomy":"product_tag","embeddable":true,"href":"https:\/\/bonitashop.es\/en\/wp-json\/wp\/v2\/product_tag?post=7693"}],"curies":[{"name":"wp","href":"https:\/\/api.w.org\/{rel}","templated":true}]}}