{"id":7715,"date":"2026-03-28T13:24:24","date_gmt":"2026-03-28T12:24:24","guid":{"rendered":"https:\/\/bonitashop.es\/?post_type=product&#038;p=7715"},"modified":"2026-04-07T10:56:02","modified_gmt":"2026-04-07T09:56:02","slug":"mini-talla-arabe-asad-elixir-35ml","status":"publish","type":"product","link":"https:\/\/bonitashop.es\/en\/product\/mini-talla-arabe-asad-elixir-35ml\/","title":{"rendered":"Mini talla \u00c1rabe Asad Elixir 35ml"},"content":{"rendered":"<div class=\"pWvJNd\" data-sfc-root=\"c\" data-sfc-cb=\"\">\n<div class=\"mZJni Dn7Fzd\" dir=\"ltr\" data-container-id=\"main-col\" data-xid=\"VpUvz\" data-sfc-root=\"c\" data-sfc-cb=\"\" data-ved=\"2ahUKEwjL4JOJvNuTAxUEKvsDHci3GaMQ3KYQegQIABAB\">\n<div class=\"Y3BBE\" data-sfc-cp=\"\" data-sfc-root=\"c\" data-sfc-cb=\"\" data-hveid=\"CAIQAA\" data-processed=\"true\"><strong class=\"Yjhzub\" data-sfc-root=\"c\" data-sfc-cb=\"\" data-processed=\"true\">Caracter\u00edsticas Principales:<\/strong><\/div>\n<ul class=\"KsbFXc U6u95\" data-sfc-root=\"c\" data-sfc-cb=\"\" data-processed=\"true\">\n<li class=\"dF3vjf\" data-sfc-root=\"c\" data-sfc-cb=\"\" data-hveid=\"CAQQAA\" data-processed=\"true\"><span class=\"T286Pc\" data-sfc-cp=\"\" data-sfc-root=\"c\" data-sfc-cb=\"\" data-processed=\"true\"><strong class=\"Yjhzub\" data-sfc-root=\"c\" data-sfc-cb=\"\" data-processed=\"true\">Aroma:<\/strong>\u00a0Apertura c\u00edtrica y especiada (pomelo, pimienta rosa, azafr\u00e1n), secado c\u00e1lido con tabaco, madera de cedro, vainilla, \u00e1mbar y pachul\u00ed.<\/span><\/li>\n<li class=\"dF3vjf\" data-sfc-root=\"c\" data-sfc-cb=\"\" data-hveid=\"CAQQAQ\" data-processed=\"true\"><span class=\"T286Pc\" data-sfc-cp=\"\" data-sfc-root=\"c\" data-sfc-cb=\"\" data-processed=\"true\"><strong class=\"Yjhzub\" data-sfc-root=\"c\" data-sfc-cb=\"\" data-processed=\"true\">Perfil:<\/strong>\u00a0Masculino, sofisticado y adictivo.<\/span><\/li>\n<li class=\"dF3vjf\" data-sfc-root=\"c\" data-sfc-cb=\"\" data-hveid=\"CAQQAg\" data-processed=\"true\"><span class=\"T286Pc\" data-sfc-cp=\"\" data-sfc-root=\"c\" data-sfc-cb=\"\" data-processed=\"true\"><strong class=\"Yjhzub\" data-sfc-root=\"c\" data-sfc-cb=\"\" data-processed=\"true\">Duraci\u00f3n y Proyecci\u00f3n:<\/strong>\u00a0Alta concentraci\u00f3n (a pesar de su formato peque\u00f1o) con buena estela.<\/span><\/li>\n<li class=\"dF3vjf\" data-sfc-root=\"c\" data-sfc-cb=\"\" data-hveid=\"CAQQAg\" data-processed=\"true\"><span class=\"T286Pc\" data-sfc-cp=\"\" data-sfc-root=\"c\" data-sfc-cb=\"\" data-processed=\"true\"><strong class=\"Yjhzub\" data-sfc-root=\"c\" data-sfc-cb=\"\" data-processed=\"true\">Uso:<\/strong>\u00a0Perfecto para la noche, oto\u00f1o e invierno.<\/span><span class=\"uJ19be notranslate\" data-sfc-root=\"c\" data-wiz-uids=\"CCQipd_1w,CCQipd_1x\" data-sfc-cb=\"\" data-processed=\"true\"><span class=\"vKEkVd\" data-animation-atomic=\"\" data-wiz-attrbind=\"class=CCQipd_1v\/TKHnVd\" data-processed=\"true\"><span aria-hidden=\"true\" data-processed=\"true\">\u00a0<\/span><\/span><\/span><\/li>\n<\/ul>\n<div class=\"Y3BBE\" data-sfc-cp=\"\" data-sfc-root=\"c\" data-sfc-cb=\"\" data-hveid=\"CAUQAA\" data-processed=\"true\">Es una opci\u00f3n muy potente y \u00absexy\u00bb para quienes buscan un aroma intenso a un precio accesible.<span class=\"uJ19be notranslate\" data-sfc-root=\"c\" data-wiz-uids=\"CCQipd_28,CCQipd_29\" data-sfc-cb=\"\" data-processed=\"true\"><span class=\"vKEkVd\" data-animation-atomic=\"\" data-wiz-attrbind=\"class=CCQipd_27\/TKHnVd\" data-processed=\"true\"><span aria-hidden=\"true\" data-processed=\"true\">\u00a0<\/span><\/span><\/span><\/p>\n<div class=\"Fwa2Od\" data-animation-skip=\"\" data-sfc-root=\"c\" data-sfc-cb=\"\" data-ved=\"2ahUKEwjL4JOJvNuTAxUEKvsDHci3GaMQ3s0SegQIBRAC\" data-processed=\"true\"><\/div>\n<\/div>\n<div class=\"Fsg96\" data-sfc-cp=\"\" data-sfc-root=\"c\" data-sfc-cb=\"\" data-processed=\"true\"><\/div>\n<div class=\"Jd31eb\" data-sfc-root=\"c\" data-sfc-cb=\"\" data-processed=\"true\">\n<div class=\"cycAue\" data-ved=\"2ahUKEwjL4JOJvNuTAxUEKvsDHci3GaMQ3OMSegQIBxAA\" data-hveid=\"CAcQAA\" data-processed=\"true\"><\/div>\n<\/div>\n<\/div>\n<div class=\"SGF5Lb\">\n<div data-container-id=\"6\"><\/div>\n<\/div>\n<div class=\"SGF5Lb\">\n<div data-container-id=\"7\"><\/div>\n<\/div>\n<div class=\"SGF5Lb\">\n<div data-container-id=\"8\"><\/div>\n<\/div>\n<div class=\"SGF5Lb\">\n<div data-container-id=\"9\"><\/div>\n<\/div>\n<div class=\"SGF5Lb\">\n<div data-container-id=\"10\"><\/div>\n<\/div>\n<div class=\"SGF5Lb\">\n<div data-container-id=\"11\"><\/div>\n<\/div>\n<div class=\"SGF5Lb\">\n<div data-container-id=\"12\"><\/div>\n<\/div>\n<\/div>\n<div class=\"\" data-sfc-root=\"c\" data-sfc-cb=\"\">\n<div class=\"ofHStc Dn7Fzd\" data-container-id=\"rhs-col\" data-sfc-root=\"c\" data-sfc-cb=\"\" data-ved=\"2ahUKEwjL4JOJvNuTAxUEKvsDHci3GaMQ3aYQegQIABAC\">\n<div data-container-id=\"14\">\n<div class=\"jKhXsc notranslate\" dir=\"ltr\" data-animation-skip=\"\" data-xid=\"aim-aside-initial-corroboration-container\" data-sfc-cp=\"\" data-sfc-root=\"c\" data-wiz-uids=\"CCQipd_w,CCQipd_x\" data-sfc-cb=\"\" data-processed=\"true\">\n<div class=\"BTkBWc\" data-ved=\"2ahUKEwjL4JOJvNuTAxUEKvsDHci3GaMQ_YQPegQIAxAA\" data-processed=\"true\">\n<div class=\"rG9tvd\" data-processed=\"true\"><\/div>\n<ul class=\"EJw9bc\" data-processed=\"true\">\n<li class=\"jydCyd\" data-processed=\"true\">\n<div class=\"MFrAxb BKnikc\" data-src-id=\"5\" data-src-fp=\"false\" data-crb-el=\"kXllB\" data-crb-gbl=\"false\" data-sfc-root=\"c\" data-sfc-cb=\"\" data-ved=\"2ahUKEwjL4JOJvNuTAxUEKvsDHci3GaMQqIcPegQIAxAB\" data-hveid=\"CAMQAQ\" data-processed=\"true\">\n<div class=\"w6SxZb\" data-processed=\"true\">\n<div class=\"T5ny9d\" data-processed=\"true\">\n<div id=\"FdTUaYuCHoTU7M8PyO_mmAo_2\" class=\"Nn35F Kv3dbb\" data-processed=\"true\"><span data-processed=\"true\">Lattafa Asad Elixir \u2013 Eau de Parfum Hombre &#8211; Fraganzi<\/span><\/div>\n<p><span class=\"vhJ6Pe\" data-sfc-root=\"c\" data-sfc-cb=\"\" data-processed=\"true\"><span data-crb-snippet-text=\"\" data-processed=\"true\">Asad Elixir de Lattafa Perfumes Eau de Parfum 100 ml (2025) es una fragancia oriental-amaderada creada para el hombre que combina &#8230;<\/span><\/span><\/p>\n<div class=\"w8lk7d\" data-processed=\"true\">\n<div class=\"BMzdlb\" aria-hidden=\"true\" data-processed=\"true\">\n<div class=\"U9BD8 eRvckb Wsaimf QyEYne\" aria-hidden=\"true\" data-sfc-root=\"c\" data-sfc-cb=\"\" data-processed=\"true\"><img decoding=\"async\" id=\"img-FdTUaYuCHoTU7M8PyO_mmAo_3\" class=\"sGgDgb\" src=\"image\/png;base64,iVBORw0KGgoAAAANSUhEUgAAACAAAAAgCAYAAABzenr0AAALzklEQVRYhZVXe3BT1b7+1n4km5amu0mlCaFtyqU2JZRASwJ9eHnoQbAOvde5ylHmzGFGOD4YDtpBrszVOePIDDDOIHPHx\/WFigICgli04FAB7am0hYKghZ7S9JWmTdKkbd7J3tl73T+4Ba4cRv3+2n+s+X7f+q3v9+21CG7D9u3b0dzcTCRJohMTE0RRFJpMJsEwDDo7O\/F74XA4IEkStFot0uk0MRgMVJZl4nQ66bPPPgtCCJgjR44AACilEAQB6XSams1mKIpCJUmCIAiksLAQy5cvx4oVK8iTTz6JiYmJuxbdtGkTHn74YfLAAw+QoqIi8DxPYrEYFEWhp06dgqIolBACURSRn58PZrI4AEQikRlarXbuRx99BJ7n57AsO11VVdrS0oJEIgGtVkufeuopZGdn31F42bJlePrpp7F9+3bodDqaSqXooUOHkE6nqSAIU3ier9RoNNBoNFZVVf8lEAiwnZ2dNwTY7XbYbDa8+OKLw8lkUnE4HOtUVZ0+ZcoUp8lkEouLi7UMw+QqijLb6XRi\/\/79uF34JMfXX3+NjIwMpNNpC8uyRU6nk9Xr9Tqe56sIIaLVav1LIpEwORyOwcbGRqWsrAwEALRaLaxWKy5fvozq6mrk5eXxvb29q61W6+Xx8fGCeDwe0+v11kgkQgGMv\/zyy8cDgUCio6MDfr8fZrMZr776KgCgtrZ2RTgcNoqiaCCEtI6Njc0oLy+\/0tTUVCMIwreqqvZeunQJDQ0NqKuruyEAACoqKogsy1QUxZmjo6NLnU7nN\/39\/Qu3bdvW9Nlnnz3c1dVVdPnyZZsoikd7enoOAyAA6JkzZ7BkyRKIosioqqpaLBan1+v9a0FBQe+8efO8y5Yt++LNN99cpNfr+wcGBiwajWbM5\/N9x7IssdvtlJkUIAgC1el0EATBLUnSWZPJFDeZTOyOHTsWqKqaEQwG8xiG+S8AhymlyM3NpW63m2lsbGT37dvHsiyrHj58GDzPt5vN5rWhUIhPpVLi0aNHiw0Gw4wVK1Z4ksnklXQ6fREAeJ6nDQ0NYCcFzJw5E21tbUgkEqrBYLD5fD7z9OnTo4qi\/Kvf70+bTKbe+fPnM6WlpYlIJCJFo9F5H3\/88WK\/35\/X1tbmtNlsU10ul7Ry5UpKCKk0GAxSOBwmqVRqntFodLW3t7MAphuNxn+kUikqCAK8Xi9udmB0dJTMnDkToij+IZFIFHz\/\/fenQ6FQSU5OznlJkgLBYHB1OBwueuKJJ9SjR4\/au7q6nB6PRz84OJg5NDRk6OrqKu3v73fMnTt3akZGhmZsbOyP4+PjOqPReCoYDJpXr159LRqNRt1u959lWUYikSDz5s271YGamhoYjUZkZmZOa2lpOTk+Po577703WFJSMrx79+4fZs2aVTM4ODitqanp81QqJY6Ojr6eTCadlNLqVCpVSSldIstyy759+9p8Pt8KhmFmW63Wl\/bs2dMzPDwcvHjxot\/v9\/eZzeYMQshwZmamajAYwE0K+OKLL8DzPGRZbs3MzMSHH36Iqqqq\/ueee44HgLKysq9aW1s3+f3+r1mWPT516tRLGo0mj+d5JpVKhRiGSVJKszUazV5CiM1isbz7\/PPPh7Kzs2WbzdblcDhoNBolJ06caLk9Pwh+AUop7HY7tmzZgvPnz4NlWaxfvx5WqxVr1qwpjUaj9w8PD5eFw+Eek8l0tqCgwO\/1esXh4WEnIaQ8Pz\/frdVq\/z4xMXGuurpaZlkWkUgEHMdh2rRpeOGFFxAIBJCbmwsAt47gdgGlpaUIBoMQBAGzZs3C8ePH8dBDD+HYsWOB3t7e9q6urq927tx55dKlS1MYhkkYjca4oiietra2vRzHNev1+oF4PK5KkoSGhgY4HA7IsoxXXnkFW7duRWtrK5qbm\/95B36JVatWwWKxgBCCvr4+4vF4mB07dij79+\/P\/vLLL7\/Kz8\/\/m81mu9LR0bFhzpw5r33++efxBx98kM3KylIGBgbAMAza29vvyv+rAn6J6upqtLTcOEadTncwKyvrPz0eT\/\/69euLBEEYAZDkeR67du36TXzMry\/5\/4jH4wiFQqCUghDCFhUV2aurq9elUqm+NWvWJMPhMGKx2G\/m4359yZ3Q6XQ3v2VZZjUaTbyvrw\/PPPMMcnNzcerUqd\/M9bs7oCgKAIAQAlVVSX9\/f0dzc\/N+AIzZbMaMGTN+F98dU3A3UEpx+vRpRhAExul0UlmWc\/v6+v4jPz\/\/uqIovVevXiXd3d1EEASYTCamqqqKWiwWFBUVweVy3ZX3DhPu3r0bLMvC5\/OBYRhIkgS73Y7W1lb09vZibGwMnZ2dOHDggPall17Kys7O5oaGhrzhcBherxcOhwNZWVmglMJqtSIQCKCkpATbtm0DAOzatQv19fV3FwDcuFzU19dj7969AICmpiZ4PB7U19eXSJK0ZGRkxCnLck9OTs6Fb775pvWRRx6Z43a7F1BKy8xmcw\/DMM1ut\/v8448\/nl64cCHOnTsHn8+H119\/HYSQSQMDuIsJeZ4HANTV1eHkyZM8IUTesmXLEo\/HU+\/z+aZQSv8nGo1mDA4ONlRUVOwYGRl5WlXVt3U63cfhcPivGRkZ\/zZ37tz3H3300U\/uv\/9+1WQyqWVlZbS4uJgAoJPFgds8sGrVKsyePRsWi2Xhd999N\/z222+DYRiL3W7POHHiRFgQhM3hcHi8s7PziU2bNl0zGAx\/CoVCulQqtTiVSrk4jsseGhra\/cknnxxUFEWTTCbruru7TzY1NaV9Pp91aGhofHx8XKmoqKjKzc0dLiwspAsXLrwlgGVZJhAI0Hg8bnvjjTcWnThx4ue33nrrsUAgoDMYDOWU0qUWi6UpJydntLu7m3n33Xcbf\/rppyav17uhuLh4+fr16\/esXbtW2Lx58z1GozE9MjJS5fF4pn377bcYGBi477777rvW3t5eHolESmOxWEc8HieRSOSWALvdTl0uFwghLp1OJ3766aeFRUVF\/vHx8UpZllmDwXBBp9ONuN3u0dLS0tG9e\/fSRCKRzszM7PZ6vS3BYFApLy+XADA+n8\/McVw\/x3FcJBIpy8vL+7mjo4MoimKwWq1HRkdHqVarxY8\/\/njLhMXFxYhEItDr9RpJkkxr1qxJdHV1\/SEej\/vy8\/MtP\/zww1y\/3\/\/foij2XL16lYiiiImJCTo5ok6nE6qqMjzPqzzPc16v99XKyspQNBr9uyRJ85ctW3bk\/fff52Kx2ITf7w9nZGQgGAzeCqKcnBySl5cHo9GYzzBMbU9PDzcyMpJcu3btJUKIpNfrA8lk8m+qqv47ADpZHABZt24dhoeHSTgcVhVFmX\/t2rU9U6dOVQVBCNfV1fWMjY0Nnj59OleWZcc999xTrtPpIIoiuTmGBQUFWLRoEQ4ePIiamhocOHCAq62t\/WNpaenPsVjMHIlEInq93joxMSFQSiObN28+5PF4Yl6vFzqdDjNmzMBjjz0GAKitra0LhUJmvV4vAGgNBoPTKyoqfjpz5kyNwWA44\/f7e9955x3U1NSAEAJy7tw5rF69GoODg3jvvfc0x44dK\/Z6vYsopR6e56dotdoz8Xg8wbKsrrCwUDx06ND1LVu24OzZszd\/s+l0GhzHoaioiPT19dGNGzcaL168mJFMJvu1Wu1UhmEq4vH4FFmWTaIoulauXHl+69atMUIImEgkgoGBAVBK4ff7DQzDaDZu3LhHo9G4Y7FYezgcnjAYDClFUUYTicR1ANi5cyfcbvfNWea4G3HCMAwFQCRJ8sqy3NvR0aGmUqmwz+dr5ThuzOVyfcDz\/OjY2Jixu7ubu3DhApjly5fDZrOhqqoKgiCMSJJ0qa2tjQYCgc5YLOahlJLKykpotVooikKuX7+OxYsXY2Rk5I4Ac7lcCIVCNBwOg+M48tprr4HjOBKNRhOhUKhVkiSoqtoZi8VcJSUl6QULFtxIwqtXr2Lp0qVQVRUAyP8ZjGi1WhoIBOgHH3wwuWPa2Nj4z8LzJm57uNJAIIB0Ok1FUYSqquTKlSt0w4YNRFGUm4\/K\/wXiv8vGeXm8\/QAAAABJRU5ErkJggg==\" alt=\"\" data-deferred=\"3\" data-imglogged=\"true\" data-aatf=\"1\" data-processed=\"true\" data-imgprocessed=\"true\" \/><\/div>\n<\/div>\n<div class=\"jEYmO\" data-processed=\"true\"><span class=\"Z1JFYc\" data-processed=\"true\"><span class=\"R0r5R\" data-processed=\"true\">Fraganzi<\/span><\/span><\/div>\n<div class=\"F7N3Qc\" data-sfc-root=\"c\" data-sfc-cb=\"\" data-processed=\"true\">\n<div id=\"snui-atr-FdTUaYuCHoTU7M8PyO_mmAo_4\" class=\"xXnAhe\" role=\"button\" aria-describedby=\"FdTUaYuCHoTU7M8PyO_mmAo_2\" aria-label=\"Acerca de este resultado\" data-sfc-root=\"c\" data-sfc-cb=\"Yixvuc=&amp;CCQipd_13:keyFje\" data-ved=\"2ahUKEwjL4JOJvNuTAxUEKvsDHci3GaMQ980PegQIAxAD\" data-processed=\"true\"><\/div>\n<\/div>\n<\/div>\n<\/div>\n<div class=\"VKalRc\" data-processed=\"true\"><img decoding=\"async\" id=\"img-FdTUaYuCHoTU7M8PyO_mmAo_5\" class=\"nHPWpc\" src=\"image\/jpeg;base64,\/9j\/4AAQSkZJRgABAQAAAQABAAD\/2wCEAAkGBwgHBgkIBwgKCgkLDRYPDQwMDRsUFRAWIB0iIiAdHx8kKDQsJCYxJx8fLT0tMTU3Ojo6Iys\/RD84QzQ5OjcBCgoKDQwNGg8PGjclHyU3Nzc3Nzc3Nzc3Nzc3Nzc3Nzc3Nzc3Nzc3Nzc3Nzc3Nzc3Nzc3Nzc3Nzc3Nzc3Nzc3N\/\/AABEIAFIAUgMBIgACEQEDEQH\/xAAbAAEBAQADAQEAAAAAAAAAAAAABwYEBQgDAf\/EADUQAAEDAwMCBAIHCQAAAAAAAAEAAgMEBREGEiEHEzFBYZGBoRYiI1FxscEUFTRSYpKzwvD\/xAAVAQEBAAAAAAAAAAAAAAAAAAAAAf\/EABQRAQAAAAAAAAAAAAAAAAAAAAD\/2gAMAwEAAhEDEQA\/ALiiIgIi6XWF++jVgmunY7\/bkiZ2923O+RrM59N2fgg7pFKLt1mhpYSaO1SSy5GGzPDG48+Rn8lxLV1tNTI4VtlETcfV7E3cJPrkNQWJFktEa0bquuuUEdI6COjZC5rnO5fv35GPLGz7\/Na1AREQEREBERAWJ6xuDdA1hJwO\/Tf5mLbLLdTblU2nR9TWUUr4pmT04DmOwcGZgIz6gkfFB5vur2k4yM\/iuLbnBsg3EBavVupf261GgpqFlG0uy4sk3Bw8xgjHJ5XVaPvE1lnkn7bJ4pwWdnPbAcMc8Dk4PzQU3oS4OumoNpB+xpc+8qsCmnSa+z3W63anIMVJT01P2KYPJZFzJnaPLPHsqWgIiICIiAiIgLC9YJHTaap7VAwvqrjWxRQtyAMtPcJOfLDMfELdLH9VJn0uk3VlMyN1XBVQGnL2Bxa5zw07fUtc4cc8oIXebRXW+bZc7ZU\/aNLYw1m7cfQtP\/fHI62F7XRsoqejn7jZNxLmfXLvDwH38ewVJ1DUajdpqWa5UkDJQA6LZIHPaRzuDQOMDnxWF0TU1v0oo+xIXukf9o6RxOG+biecY8cqKovSCCttOqqimr6Yw\/vCg7jA\/h47Tx4t8s90+PPCsSnOhJ5arWVzZdIqYVdLSM\/ZnskL3GN7juIPHGWN8s+6oyqCIiAiIgIiICxfVmlZJpUVz2mR1uqoqmOPcQ1z920bsckDfnHotos71Di72ibu37qcv\/tId+iDz\/dNTXqql\/j+yHeOwBo9+T811lHX3Chn7lNcHNe8\/WMbs5\/HI5+K\/JnBsrXF20cjIaHfIr59xsjmBj3ODc+MbW\/kgsvR+Z14uVdcquGMVVLA2n7zBgyNeS7BHoWfPy86qph0JixaLpN\/PUtZ7Nz\/ALKnoCIiAiIgIiIC4V7ozcbNX0Ixmpp5Ihn+ppH6rmog81VfT7WLSWmwTux5smicD7PXwp+n2sd3Gnqr4yxD83r04iDH9LbDXae0yae6QiGrmqHTPj3h23Ia0AkZHg3yK2CIgIiICIiAiIgIiICIiAiIgIiICIiD\/9k=\" alt=\"\" data-deferred=\"3\" data-imglogged=\"true\" data-aatf=\"1\" data-processed=\"true\" data-imgprocessed=\"true\" \/><\/div>\n<\/div>\n<\/div>\n<div class=\"Dr5uic\" data-processed=\"true\"><\/div>\n<\/li>\n<li class=\"jydCyd\" data-processed=\"true\">\n<div class=\"MFrAxb BKnikc\" data-src-id=\"6\" data-src-fp=\"false\" data-crb-el=\"kXllB\" data-crb-gbl=\"false\" data-sfc-root=\"c\" data-sfc-cb=\"\" data-ved=\"2ahUKEwjL4JOJvNuTAxUEKvsDHci3GaMQqIcPegQIAxAF\" data-hveid=\"CAMQBQ\" data-processed=\"true\">\n<div class=\"w6SxZb\" data-processed=\"true\">\n<div class=\"T5ny9d\" data-processed=\"true\">\n<div id=\"FdTUaYuCHoTU7M8PyO_mmAo_6\" class=\"Nn35F Kv3dbb\" data-processed=\"true\"><span data-processed=\"true\">r\/DesiFragranceAddicts &#8211; Lattafa Asad Elixir y sus clones ( )<\/span><\/div>\n<p><span class=\"vhJ6Pe\" data-sfc-root=\"c\" data-sfc-cb=\"\" data-processed=\"true\">4 ene 2026 \u2014\u00a0<span data-crb-snippet-text=\"\" data-processed=\"true\">Es una fragancia con pachul\u00ed y cuero como protagonistas, con ligeros matices de tabaco y m\u00e1s dulces. Este tambi\u00e9n rinde mucho. A d&#8230;<\/span><\/span><\/p>\n<div class=\"w8lk7d\" data-processed=\"true\">\n<div class=\"BMzdlb\" aria-hidden=\"true\" data-processed=\"true\">\n<div class=\"U9BD8 eRvckb Wsaimf QyEYne\" aria-hidden=\"true\" data-sfc-root=\"c\" data-sfc-cb=\"\" data-processed=\"true\"><img decoding=\"async\" id=\"img-FdTUaYuCHoTU7M8PyO_mmAo_7\" class=\"sGgDgb\" src=\"image\/png;base64,iVBORw0KGgoAAAANSUhEUgAAAIAAAACACAMAAAD04JH5AAAAn1BMVEVHcEz\/RgD\/RQD\/RQD\/RQD\/RQD\/RQD\/RgD\/RQD\/RQD\/RQD\/RQD\/RQD\/RQD+\/\/\/\/RQD7\/f31+fro7\/Lv9fb\/QQDM2eDJ1d0ECQvh6u3T3ePb4+gOHCD9PAH\/YAH6c0r1iGrrOgr5vKbYyMf2o4n\/UgP88Oz8YC0xPD\/OMRb43tb+Uhn3zcKtNB\/VqKJ3foBWVlecUlCgpqmKGRfTVkCveHmYoeobAAAADnRSTlMALz2firrLFPLeSF9YaABrrNsAAAqdSURBVHictVsJY6I6EF5bzx5yBR9YGi5FEbFa+\/9\/25skHAkE5dCx213ZkO\/LzOSaSf796y6z2ejtczyZLuZzBWQ+X0wn48+30WzWo7LO4C8f4wnFrct8Mn5\/eSqJ0XsjOE9i9Bz02fvr9A56xmHx+vF4PYxeF63QCw6PVcPbpD14LtO3R6HPPqbd4SmFh1hi9t6j9blMhlN4uef2t2U+eRnW\/PFiCDylMB6ghLfB8EQWfb1x9voIeCKvvZTw0tP3ZTLt7gmzz4eoP5fFZ1f88SDnr8t83I3AgL5PBSFUfTTp0v5B6gfsA8imymHR2hVHw\/APOPSTOPFDrIgUFi0nqGHuj7C\/XTKJ\/Uhk0K4zjAbhO24OTyngCoMWOhimfwerS162VR3c94Nh9sfbpShqxRUX9\/AH9T90SJZV8R2xzOSmDmbjIfiKE1YVUDeCcnN2\/Bw4\/tUVUFfB\/MaoPGz69fbH0+lSxVeTarlFY2ecDemAx93uC+S\/kwivqvGhOio3doX+8793BGgmX7YAr2px1QlgfdBggN74+x2B\/6Ia2OkENkNXNU1GQJGukfrPQMcdQ9\/tdj8\/FwBVMwF4w0g2dQLSeal3Dzx+EXwAP17T1crQDK0QwzB0v44PffGBPYDiA\/yejAOWruuAamTohq5broxAvSfM+g6Be4r\/c6RfomBtUQ70A+iWFTjS12oD4nvfIWhH8ffsixOa9ppysCj6em1jmQJgOHp\/kALAAKD\/DB8WIKlp2sCBim2bZihXQE0FHz3xvR3xv2PxHW2AwcrMZLUKJV0gkw+BQN8xkCrgxysfoENIkVfwxwxcpRFfmT5iDNr8EgJ7\/hFCURiA7k07cJubT+TtAQogFhAUQCk4KMIYH+Dvmy9z6\/RRT3wYg4HAuf4cIcnGoCblArH3LERd4Hi\/nFyKOannLACNpAT2bVork2JG+Og2CKFMNhE+EwJXHG3yZ50qKgajLhYAkEOE3dCPtzDn2qfd7mTA1LuNk9DF0aEbh8wGL60tANVHBLtc+2u2xe9D\/NCNOnDI9moN00BNpcjZuH5SX\/eKi+DEdzdi\/2u2TWYD2UIAOQ6YOIqUoi6AD+M76BmHOIy415QoIk4iHRTG8nkIIecAYFQS7JBXoZ5wq94HzzmEG\/aWgxNWURweJBTo8vSlagHYX8dcZWoYkeG1PToTv\/ZWjGvr4zlZl7xX8bFfqSt2JTueFlpw48ojv7Y4+Ki7AMLV18gCtzs+oVB7Ut2uEyeouEB9f\/tQqTKAZclMcAGEnooPWhF75HxWmQkd2fbyoZKIa7SRuBZBbj9rdxBVXKa\/\/fvkvx7qDvhwETern0InECNMT5KtyxthLMRkkN+zw3USYa824ZeDKEqeT0BVE367POWjYjAGqc9mQCIW\/Fiw+McNA8jdkq11WfgZ+Jq65fvBnCfguDrb22dlxXeNOAiCFk66hWKB1oSvapouEuB90NWNLLrAAhz8q8Hf+Xg8\/6X38FNWLhDpqxk84BsCAYUn4LgW3dln8Q1eB1r6e9wTOf7dhFfTrNhvyjFQl2XMxDDiRgIIJzqLLeTly3b97vcelf1NHaR5qf3vH8+gjNgYeoIbCRx8Gt\/QSg5ZBQHFdzwlwt41aMa3r4SA40X4uv8ty+XwFF\/3haGQd0IFhSS2wEIsqsYxOB8JPnJw6Lv7tLF3qKAAsoJzQj+8Hs8l\/DLTPo2ahDy+0AsUBwcswsJ7Akj8C\/iw03Zc3w+9a+OEobse26j6vo8LFbD2qxqDtwIsEhA3BanNgjxUA4UZwAM8usiMoGLPa5yy46vnsO7kh5HH\/LV0Pwq\/tlMBcFHZmUcrm1Io3YDU8Hf0PEZ7A5vuRgJq4mXzzOagOB61gZq3X9UovB2IcctpJUHguCS0YFsUP9MBuABTwGazIUW86qK1EEaAFANzefsz7cmFB1o2CRq54oJkUl2TOulqZZqWJnQFIICUzTcIqbuZgE\/0xMpBMUYgbz8QIKGbtLYq\/RQfoAMwWFlFtDMnwOoFgV1LswZAT1mxb8XZn9nYx9oPBKBpaXVr8FkPD5Eok5VHO2ngd\/m3d3L8b9hkNTphoqCynLP\/W3LwMASbZljbmrzJwjM4oMNRZgVNXQZHjoATNXbDLS7LfaNjyrp\/MQQF1UymQhals\/reGKHEMHIdUDOcPY5A8y5N9Tmi3rmwPuCTsLlkcwjLclmM1AkZfk5BLVWwcSQ7p0Jityx3DErtU6kmj4iQeKlkdw4EdINXwjK9eqR7gXPDhk+VL1VUygCxct41LfEZA1nUdizZnBIbYCMLuxdT0zp1o803dpOtekuW28TF35sDTuNc+UygOldCgEQoRhIniHQqHAUYyMg2XxPhig8vpJxR2p7lDeAjSd3Q7bnECdAhFhiUowI3RTRI4Xec8mld61oXzEPmshBNSgL+Ug7CLFXav5hySvRc+yx3ofsSmHFjkMq1LMag8EaOAqmTTCwkKE7FpBNYtowQwQ09F0nqJgtSSQ4MoAgWBjkHkYR5uZxAfqjsmNB\/k6eXyyqD14TWgz4DSeokP1IhC1SGFN\/KLZHjG+ouz1BK5Wsnazypy9\/UQfJgsSRljXBAcj9WwSAnsdzdwgcGSw6eLoEovGXLLJAnTaTB6pRkfgQ7MFMEtwlctLztue4tmrxKJRBl+lJiA1ge2gUFi1OD\/iO2mP4U8sPydQane4ov8wAuhSxLWCAXFjASCkawy6H5T\/YsEA3P0GEhFkrwuYSF\/OBGYGcUcg4ZictX3vIah0uGb4nwdiBLXvFZK1nSCh1gbWabIgXilMaJNvaLpctpyjzDP4ngGbptrySjcCWFLstaOZgmAAkH3hawZL58Cfg5h5NRYlvrDJ0k8aTZUyFt15C4dFcsCclsUZLQLzsRnh4cuGg5Nm36mqEDviutXExcNqRuXTbSiiSAhhGcRA1A8wMjg870bhfZU2n2spq9lmctNu6qpMA4UGvY1pqnQOAZtp2BF+irlSuZBblB6LYKkOKWM47Agkw\/l9OO5u5PF4JuF2KW6LARkWdv6+eZGjJHThSsVhUOzDNN2zJY4MOg5s5xidsUbwRYnj2XHeVpOMKBonRVVkhplEQ4SmXGnJNU2v8U6RGOxvQlOrhBpV6OS\/Zb9v9mUN+H5AqQniRqTKEjnFIFy0k0UDPNVLIPyaThqHNjAtMBJRS9+i70irpqIPd+Kg0HmW4c5UJIwYHQv8xC8fkvk+8n5OhCI37zqcZbOVSEsB+UnY3YhP2wX3Y2ZJPBKoBNYNPREeXWYbY7x\/kchEPCgY03XL\/PRwY6Vgd+iG8mb28d57t3oJEcjQj9hM018bqUmPzAU3KWN7qTO7593P\/ecR5yaDnCrp+QnctW31r0Q2bhOPFJ+vyG6ZncPWB9N5WOSOc60Bx+6BMJQ5q5P9D\/uyd3D7W2PE5BM+JOIa3PLrQ41tvhYDMqMvNtTwy0Odg85GDlY\/AffbOgM\/6z4Fse738efrsLDk\/Db3nd6Gn2b3nJ5Wn4La\/5PE3\/LS86PQu\/7VWvJ+EvWl52G3izoElaX\/d7+M0qJpP3tneLaqeZHiFdrnw+wQCTTtcMHzwDdr\/2+0gNzKevrU1fiCRk3hO979XvR6gAwD\/6X37ve7t56PX\/\/wF78ZIikHWFqQAAAABJRU5ErkJggg==\" alt=\"\" data-deferred=\"3\" data-imglogged=\"true\" data-aatf=\"1\" data-processed=\"true\" data-imgprocessed=\"true\" \/><\/div>\n<\/div>\n<div class=\"jEYmO\" data-processed=\"true\"><span class=\"Z1JFYc\" data-processed=\"true\"><span class=\"R0r5R\" data-processed=\"true\">Reddit<\/span><\/span><\/div>\n<div class=\"F7N3Qc\" data-sfc-root=\"c\" data-sfc-cb=\"\" data-processed=\"true\">\n<div id=\"snui-atr-FdTUaYuCHoTU7M8PyO_mmAo_8\" class=\"xXnAhe\" role=\"button\" aria-describedby=\"FdTUaYuCHoTU7M8PyO_mmAo_6\" aria-label=\"Acerca de este resultado\" data-sfc-root=\"c\" data-sfc-cb=\"Yixvuc=&amp;CCQipd_19:keyFje\" data-ved=\"2ahUKEwjL4JOJvNuTAxUEKvsDHci3GaMQ980PegQIAxAH\" data-processed=\"true\"><\/div>\n<\/div>\n<\/div>\n<\/div>\n<div class=\"VKalRc\" data-processed=\"true\"><img decoding=\"async\" id=\"img-FdTUaYuCHoTU7M8PyO_mmAo_9\" class=\"nHPWpc\" src=\"image\/jpeg;base64,\/9j\/4AAQSkZJRgABAQAAAQABAAD\/2wCEAAkGBwgHBgkIBwgKCgkLDRYPDQwMDRsUFRAWIB0iIiAdHx8kKDQsJCYxJx8fLT0tMTU3Ojo6Iys\/RD84QzQ5OjcBCgoKDQwNGg8PGjclHyU3Nzc3Nzc3Nzc3Nzc3Nzc3Nzc3Nzc3Nzc3Nzc3Nzc3Nzc3Nzc3Nzc3Nzc3Nzc3Nzc3N\/\/AABEIAFIAUgMBIgACEQEDEQH\/xAAcAAABBQEBAQAAAAAAAAAAAAAAAQMEBQYCBwj\/xABCEAACAQMCAwMGCgYLAAAAAAABAgMABBEFIQYSMRNBcRYiUWGBkQcUMjVyk6HB0eEVIzNTsbIkJVJUVWKSlKLw8f\/EABgBAAMBAQAAAAAAAAAAAAAAAAABAgME\/8QAIxEAAgIBAwQDAQAAAAAAAAAAAAECEQMEEjETIUFRIlKRFP\/aAAwDAQACEQMRAD8Ax8gU7g59tcx23xiQRiRIyehdgo95rgDfalduUBvQaux0ILVN8XERIB25x3e2uCo3wcjwqSupStGkcsUMoQADtFJ6bDvpwXowP6HafVn8aVsKRWnHeDSELUprgkEdjbjIxkRCuTcy5Zm7JixJJaFCST6yKVhSI6ohbc7d5FPCOI4KzDBzjIGfV3029y7qQViGdtoUB94FNLRYUdtksd9s1yRvSk71wW3p2FG\/0uEtploQOsCH\/iKKl6IgOjWBx1to\/wCUUU7IowKmib9nSjVNCQbjUSB3cqZP21acPWmk8RvdJBc3lqIeU4miViQc96t6vRUpSbopzilZRqd6dVsDetgODNOB+dJfqPzpfI3Tc\/Os31H51osc\/Rn1oezFk7E1wzHG1bnyM0z\/ABSf6j86PIrSw3zlcdenY9KXSnfA+tj9mCozW\/8AJTRree3lubuea3WUdsjJygp37g56VnY9Ns7\/AIuFioe2sGgMg7MZb1YzUOElLaaKcXHcuCiLU0x3r0Q8IaJgc1xdsQMZwB\/CoOqaBwzpts1zeXF6kXMF80Z3P21TxzXghZYPhmm4ej\/qDTMgZ+KRfyCkqss+N+FrS0gtor24KQxrGpNtJnAGB3UUgPLOwgdZWNxgIP3Zyd9q0nwdXFpa3N0JJyssqKAGXY49Hr3NZxonhaSIiEGVcEtnIGc+zcD3VO0aP4pdMZFwyDfzxknu29\/vojPa7E4bo0z1GSaJHKPIqsOvMcU7GnPF2qMjR7+cHBG3rqp1IDHM6sXZCVHpq1sbdp9Cnj5TE0vOiBgeUkrU6TXSzYpTl2aZGbRxhNRXkcgbllBRkZlIOAwOKelJlkLkAeBz9vfWbv7XU+HUkuZLUskgUERsGPUgbD1ke+o0HEF\/IwC6VfsDtkW7n7q68eRT+b5MZ4tvx8EPUuOLCa2lihtb3ZsCQKnKQD9LO4qqsuLre3vTdJpzNIIVjCkgcoH+bJO\/hWbChU+TnB3NcnByqjb04xXPKbct3k6IwSjtXB7FoN8muaZHfRqIFYsrLK4HKQcHfpWf4yuLW4Y6LI7RzCRGaRmCKuNxuc56+iq3hZHOnJi6nTlkJCxuRynO5wP\/AHfYGq3WomuNdLSSPKQVy8h844x1\/h7K2zTlHEpXyPR4ceTO41dERtBiDEfpK2GD\/ek\/ClpLa+t\/i8XNa6Wx5BlpI35jt1O3WlrkqR1dXF9F+si3xZbyTmijBjYgrjY4PeM1pvg6fTW4hM2pWsfZpAzY7MyhmyMeZg+s59IqDr2japeavdS2FhO0E0rMu4A3Oe81rPg74Y1LTdQa8vkSJWiKBActuR17u6snlUVZGxt0bQa9o8GGS0u+YZ3g0pyfUdkqJrHFVpLYP2djqYCMrFp7N4VA6bFvHYeNXyREEZ3+2q7ia1nvNJltYYS3ORuBnGDn7qxyZd+Nwa7M0hiUZqTfBndK4mhNyEh024uWwzdkGXmcAdAM4Jq18qr\/ACBHwbf9+8ksQ6+2oPD\/AA1Lp2o294G5yoYMvJy4yMY3rXTTGIZMZ92Ky023TRccXBrqIRySs+czCTNy8yoCTu3QUk9uISP1tvJnbEbc3t6Vd6tw5qsF3N2dqJI+clCrruM7dcVXLoWss3zdIM95dPxrtU4tcnJsfo9U+DOy0KfhC3bUrWzknMsuWmtg5xznG5FZHiaytW40mjsRHHaCaJUjhTlULlcgAdN81t+BYDpvDVraXGVnUuzjuBZifvrPcV8Nrc6zPqCm8jZ8frIFE6e1MhgfDIrPJqHJbfR2aSMMU3KSu0edw6bKsSK0M\/MFAOCKK03xGQbfpi+\/2E4opddh\/Pj+x6ylnyfJ872ZqRCyoRlFz7qQYbcYPga6DHPyvYRXKgJAkQdRiuwykbEYqKHA6p\/o2oDDPMGPgVp2KiWFG3mjfvrrlGe+o5fzPNOfA0GdkA5iQPWMUAK8EUgIdVb6S0w2mWx3WFR9GnhcDGeUe+l7VCKOwEcWSKMDI8RR2fLkbEU92oxs+KCe\/IPjSAjdhH+6i9w\/CinuY\/2KSiwGmACAgb7b12p6+FFFIoG83ddjjupxN1Od9++iimAy\/Q+FOIT2ec70UUAK4HmnAzjrTGSAcE9aKKGJCt+zFcQsSSCT\/wBNJRUvkESMD0CiiimB\/9k=\" alt=\"\" data-deferred=\"3\" data-imglogged=\"true\" data-aatf=\"1\" data-processed=\"true\" data-imgprocessed=\"true\" \/><\/div>\n<\/div>\n<\/div>\n<div class=\"Dr5uic\" data-processed=\"true\"><\/div>\n<\/li>\n<li class=\"jydCyd\" data-processed=\"true\">\n<div class=\"MFrAxb BKnikc\" data-src-id=\"15\" data-src-fp=\"false\" data-crb-el=\"kXllB\" data-crb-gbl=\"false\" data-sfc-root=\"c\" data-sfc-cb=\"\" data-ved=\"2ahUKEwjL4JOJvNuTAxUEKvsDHci3GaMQqIcPegQIAxAJ\" data-hveid=\"CAMQCQ\" data-processed=\"true\">\n<div class=\"w6SxZb\" data-processed=\"true\">\n<div class=\"T5ny9d\" data-processed=\"true\">\n<div id=\"FdTUaYuCHoTU7M8PyO_mmAo_10\" class=\"Nn35F Kv3dbb\" data-processed=\"true\"><span data-processed=\"true\">Asad Elixir: Fragancia Elegante y Adictiva de Lattafa &#8211; TikTok<\/span><\/div>\n<p><span class=\"vhJ6Pe\" data-sfc-root=\"c\" data-sfc-cb=\"\" data-processed=\"true\">30 oct 2025 \u2014\u00a0<span data-crb-snippet-text=\"\" data-processed=\"true\">TrapUzi &#8211; Perfu-Adictos \ud83d\ude4f &#8230;\u00a0<\/span><\/span><\/div>\n<\/div>\n<\/div>\n<\/li>\n<\/ul>\n<\/div>\n<\/div>\n<\/div>\n<\/div>\n<\/div>","protected":false},"excerpt":{"rendered":"<p>La minitalla de Asad Elixir de Lattafa es una fragancia oriental-amaderada intensa,dulce y especiada, ideal para climas fr\u00edos. Destaca por notas de tabaco, vainilla y pimienta rosa, con un toque de incienso que le otorga un perfil seductor, adulto y ambarado. Se considera un clon del Boss Bottled Absolu.<\/p>","protected":false},"featured_media":7746,"comment_status":"open","ping_status":"closed","template":"","meta":{"_joinchat":[]},"product_brand":[],"product_cat":[211],"product_tag":[],"class_list":{"0":"post-7715","1":"product","2":"type-product","3":"status-publish","4":"has-post-thumbnail","6":"product_cat-mini-tallas-35ml-arabes","8":"first","9":"instock","10":"taxable","11":"shipping-taxable","12":"purchasable","13":"product-type-simple"},"_links":{"self":[{"href":"https:\/\/bonitashop.es\/en\/wp-json\/wp\/v2\/product\/7715","targetHints":{"allow":["GET"]}}],"collection":[{"href":"https:\/\/bonitashop.es\/en\/wp-json\/wp\/v2\/product"}],"about":[{"href":"https:\/\/bonitashop.es\/en\/wp-json\/wp\/v2\/types\/product"}],"replies":[{"embeddable":true,"href":"https:\/\/bonitashop.es\/en\/wp-json\/wp\/v2\/comments?post=7715"}],"version-history":[{"count":4,"href":"https:\/\/bonitashop.es\/en\/wp-json\/wp\/v2\/product\/7715\/revisions"}],"predecessor-version":[{"id":7798,"href":"https:\/\/bonitashop.es\/en\/wp-json\/wp\/v2\/product\/7715\/revisions\/7798"}],"wp:featuredmedia":[{"embeddable":true,"href":"https:\/\/bonitashop.es\/en\/wp-json\/wp\/v2\/media\/7746"}],"wp:attachment":[{"href":"https:\/\/bonitashop.es\/en\/wp-json\/wp\/v2\/media?parent=7715"}],"wp:term":[{"taxonomy":"product_brand","embeddable":true,"href":"https:\/\/bonitashop.es\/en\/wp-json\/wp\/v2\/product_brand?post=7715"},{"taxonomy":"product_cat","embeddable":true,"href":"https:\/\/bonitashop.es\/en\/wp-json\/wp\/v2\/product_cat?post=7715"},{"taxonomy":"product_tag","embeddable":true,"href":"https:\/\/bonitashop.es\/en\/wp-json\/wp\/v2\/product_tag?post=7715"}],"curies":[{"name":"wp","href":"https:\/\/api.w.org\/{rel}","templated":true}]}}