{"id":7718,"date":"2026-03-28T13:24:54","date_gmt":"2026-03-28T12:24:54","guid":{"rendered":"https:\/\/bonitashop.es\/?post_type=product&#038;p=7718"},"modified":"2026-04-07T10:52:33","modified_gmt":"2026-04-07T09:52:33","slug":"mini-talla-arabe-club-de-nuit-sillage-35ml","status":"publish","type":"product","link":"https:\/\/bonitashop.es\/en\/product\/mini-talla-arabe-club-de-nuit-sillage-35ml\/","title":{"rendered":"Mini talla \u00c1rabe Club de Nuit Sillage 35ml"},"content":{"rendered":"<p>La minitalla de\u00a0<strong class=\"Yjhzub\" data-sfc-root=\"c\" data-sfc-cb=\"\" data-complete=\"true\" data-processed=\"true\">Club de Nuit Sillage<\/strong>\u00a0de\u00a0<span data-sfc-cp=\"\" data-sfc-root=\"c\" data-sfc-cb=\"\" data-complete=\"true\" data-processed=\"true\"><a class=\"H23r4e\" href=\"https:\/\/hiddensamples.com\/products\/armaf-club-de-nuit-sillage\" target=\"_blank\" rel=\"noopener\" data-hveid=\"CAIQAQ\" data-processed=\"true\">Armaf<\/a><\/span> tiene exactamente el mismo aroma que la versi\u00f3n est\u00e1ndar: una fragancia fresca,citrica y metalica. Es ampliamente conocida por ser una inspiraci\u00f3n de alta calidad.<\/p>\n<ul class=\"KsbFXc U6u95\" data-sfc-root=\"c\" data-sfc-cb=\"\" data-complete=\"true\" data-processed=\"true\">\n<li class=\"dF3vjf\" data-sfc-root=\"c\" data-sfc-cb=\"\" data-hveid=\"CAYQAA\" data-complete=\"true\" data-sae=\"\"><span class=\"T286Pc\" data-sfc-cp=\"\" data-sfc-root=\"c\" data-sfc-cb=\"\" data-complete=\"true\"><strong class=\"Yjhzub\" data-sfc-root=\"c\" data-sfc-cb=\"\" data-complete=\"true\">Salida (Lo primero que hueles):<\/strong>\u00a0Una explosi\u00f3n c\u00edtrica potente de\u00a0<strong class=\"Yjhzub\" data-sfc-root=\"c\" data-sfc-cb=\"\" data-complete=\"true\">lima, lim\u00f3n y bergamota<\/strong>, mezclada con\u00a0<strong class=\"Yjhzub\" data-sfc-root=\"c\" data-sfc-cb=\"\" data-complete=\"true\">grosellas negras<\/strong>\u00a0y un toque picante de\u00a0<strong class=\"Yjhzub\" data-sfc-root=\"c\" data-sfc-cb=\"\" data-complete=\"true\">jengibre<\/strong>. Algunos usuarios perciben esta etapa inicial como un poco sint\u00e9tica o \u00abmet\u00e1lica\u00bb antes de asentarse.<\/span><\/li>\n<li class=\"dF3vjf\" data-sfc-root=\"c\" data-sfc-cb=\"\" data-hveid=\"CAYQAQ\" data-complete=\"true\" data-sae=\"\"><span class=\"T286Pc\" data-sfc-cp=\"\" data-sfc-root=\"c\" data-sfc-cb=\"\" data-complete=\"true\"><strong class=\"Yjhzub\" data-sfc-root=\"c\" data-sfc-cb=\"\" data-complete=\"true\">Coraz\u00f3n (Cuerpo del perfume):<\/strong>\u00a0Notas florales suaves de\u00a0<strong class=\"Yjhzub\" data-sfc-root=\"c\" data-sfc-cb=\"\" data-complete=\"true\">rosa, iris y jazm\u00edn<\/strong>\u00a0que le dan una elegancia unisex y un ligero matiz atalcado.<\/span><\/li>\n<li class=\"dF3vjf\" data-sfc-root=\"c\" data-sfc-cb=\"\" data-hveid=\"CAYQAg\" data-complete=\"true\" data-sae=\"\"><span class=\"T286Pc\" data-sfc-cp=\"\" data-sfc-root=\"c\" data-sfc-cb=\"\" data-complete=\"true\"><strong class=\"Yjhzub\" data-sfc-root=\"c\" data-sfc-cb=\"\" data-complete=\"true\">Fondo (Lo que perdura):<\/strong>\u00a0Una base de\u00a0<strong class=\"Yjhzub\" data-sfc-root=\"c\" data-sfc-cb=\"\" data-complete=\"true\">almizcle y ambroxan<\/strong>\u00a0que aporta una sensaci\u00f3n jabonosa y de pulcritud, junto con notas amaderadas de\u00a0<strong class=\"Yjhzub\" data-sfc-root=\"c\" data-sfc-cb=\"\" data-complete=\"true\">s\u00e1ndalo y cedro<\/strong><\/span><\/li>\n<\/ul>","protected":false},"excerpt":{"rendered":"<p>Es una fragancia vibrante y energizante que proyecta una imagen de sofisticaci\u00f3n y limpieza.<\/p>","protected":false},"featured_media":7754,"comment_status":"open","ping_status":"closed","template":"","meta":{"_joinchat":[]},"product_brand":[],"product_cat":[211],"product_tag":[],"class_list":{"0":"post-7718","1":"product","2":"type-product","3":"status-publish","4":"has-post-thumbnail","6":"product_cat-mini-tallas-35ml-arabes","8":"first","9":"instock","10":"taxable","11":"shipping-taxable","12":"purchasable","13":"product-type-simple"},"_links":{"self":[{"href":"https:\/\/bonitashop.es\/en\/wp-json\/wp\/v2\/product\/7718","targetHints":{"allow":["GET"]}}],"collection":[{"href":"https:\/\/bonitashop.es\/en\/wp-json\/wp\/v2\/product"}],"about":[{"href":"https:\/\/bonitashop.es\/en\/wp-json\/wp\/v2\/types\/product"}],"replies":[{"embeddable":true,"href":"https:\/\/bonitashop.es\/en\/wp-json\/wp\/v2\/comments?post=7718"}],"version-history":[{"count":3,"href":"https:\/\/bonitashop.es\/en\/wp-json\/wp\/v2\/product\/7718\/revisions"}],"predecessor-version":[{"id":7796,"href":"https:\/\/bonitashop.es\/en\/wp-json\/wp\/v2\/product\/7718\/revisions\/7796"}],"wp:featuredmedia":[{"embeddable":true,"href":"https:\/\/bonitashop.es\/en\/wp-json\/wp\/v2\/media\/7754"}],"wp:attachment":[{"href":"https:\/\/bonitashop.es\/en\/wp-json\/wp\/v2\/media?parent=7718"}],"wp:term":[{"taxonomy":"product_brand","embeddable":true,"href":"https:\/\/bonitashop.es\/en\/wp-json\/wp\/v2\/product_brand?post=7718"},{"taxonomy":"product_cat","embeddable":true,"href":"https:\/\/bonitashop.es\/en\/wp-json\/wp\/v2\/product_cat?post=7718"},{"taxonomy":"product_tag","embeddable":true,"href":"https:\/\/bonitashop.es\/en\/wp-json\/wp\/v2\/product_tag?post=7718"}],"curies":[{"name":"wp","href":"https:\/\/api.w.org\/{rel}","templated":true}]}}